{"id":3536,"date":"2023-11-30T11:10:40","date_gmt":"2023-11-30T11:10:40","guid":{"rendered":"https:\/\/franch-adriaens.com\/blog\/"},"modified":"2025-01-10T11:18:57","modified_gmt":"2025-01-10T11:18:57","slug":"blog","status":"publish","type":"page","link":"https:\/\/franch-adriaens.com\/de\/blog\/","title":{"rendered":"Blog"},"content":{"rendered":"\t\t<div data-elementor-type=\"wp-page\" data-elementor-id=\"3536\" class=\"elementor elementor-3536 elementor-2222\" data-elementor-settings=\"{&quot;ha_cmc_init_switcher&quot;:&quot;no&quot;}\" data-elementor-post-type=\"page\">\n\t\t\t\t\t\t<section class=\"has_eae_slider elementor-section elementor-top-section elementor-element elementor-element-6012164e elementor-section-height-min-height elementor-section-items-stretch elementor-section-boxed elementor-section-height-default elementor-invisible\" data-eae-slider=\"39883\" data-id=\"6012164e\" data-element_type=\"section\" data-e-type=\"section\" data-settings=\"{&quot;animation&quot;:&quot;fadeIn&quot;,&quot;background_background&quot;:&quot;classic&quot;,&quot;_ha_eqh_enable&quot;:false}\">\n\t\t\t\t\t\t\t<div class=\"elementor-background-overlay\"><\/div>\n\t\t\t\t\t\t\t<div class=\"elementor-container elementor-column-gap-default\">\n\t\t\t\t\t<div class=\"has_eae_slider elementor-column elementor-col-100 elementor-top-column elementor-element elementor-element-25294331\" data-eae-slider=\"73571\" data-id=\"25294331\" data-element_type=\"column\" data-e-type=\"column\" data-settings=\"{&quot;background_background&quot;:&quot;slideshow&quot;,&quot;background_slideshow_gallery&quot;:[],&quot;background_slideshow_loop&quot;:&quot;yes&quot;,&quot;background_slideshow_slide_duration&quot;:5000,&quot;background_slideshow_slide_transition&quot;:&quot;fade&quot;,&quot;background_slideshow_transition_duration&quot;:500}\">\n\t\t\t<div class=\"elementor-widget-wrap elementor-element-populated\">\n\t\t\t\t\t\t<div data-ha-element-link=\"{&quot;url&quot;:&quot;https:\\\/\\\/franch-adriaens.com\\\/noticias\\\/&quot;,&quot;is_external&quot;:&quot;&quot;,&quot;nofollow&quot;:&quot;&quot;}\" style=\"cursor: pointer\" class=\"elementor-element elementor-element-14398181 elementor-widget elementor-widget-heading\" data-id=\"14398181\" data-element_type=\"widget\" data-e-type=\"widget\" data-widget_type=\"heading.default\">\n\t\t\t\t<div class=\"elementor-widget-container\">\n\t\t\t\t\t<h1 class=\"elementor-heading-title elementor-size-default\">Blog<\/h1>\t\t\t\t<\/div>\n\t\t\t\t<\/div>\n\t\t\t\t<div class=\"elementor-element elementor-element-2122fd9 elementor-widget-divider--view-line elementor-widget elementor-widget-divider\" data-id=\"2122fd9\" data-element_type=\"widget\" data-e-type=\"widget\" data-widget_type=\"divider.default\">\n\t\t\t\t<div class=\"elementor-widget-container\">\n\t\t\t\t\t\t\t<div class=\"elementor-divider\">\n\t\t\t<span class=\"elementor-divider-separator\">\n\t\t\t\t\t\t<\/span>\n\t\t<\/div>\n\t\t\t\t\t\t<\/div>\n\t\t\t\t<\/div>\n\t\t\t\t\t<\/div>\n\t\t<\/div>\n\t\t\t\t\t<\/div>\n\t\t<\/section>\n\t\t\t\t<section class=\"has_eae_slider elementor-section elementor-top-section elementor-element elementor-element-6263398 elementor-section-boxed elementor-section-height-default elementor-section-height-default\" data-eae-slider=\"4782\" data-id=\"6263398\" data-element_type=\"section\" data-e-type=\"section\" data-settings=\"{&quot;background_background&quot;:&quot;classic&quot;,&quot;_ha_eqh_enable&quot;:false}\">\n\t\t\t\t\t\t<div class=\"elementor-container elementor-column-gap-default\">\n\t\t\t\t\t<div class=\"has_eae_slider elementor-column elementor-col-100 elementor-top-column elementor-element elementor-element-75d3a5a\" data-eae-slider=\"4230\" data-id=\"75d3a5a\" data-element_type=\"column\" data-e-type=\"column\">\n\t\t\t<div class=\"elementor-widget-wrap elementor-element-populated\">\n\t\t\t\t\t\t<div class=\"elementor-element elementor-element-a047699 elementor-widget elementor-widget-heading\" data-id=\"a047699\" data-element_type=\"widget\" data-e-type=\"widget\" data-widget_type=\"heading.default\">\n\t\t\t\t<div class=\"elementor-widget-container\">\n\t\t\t\t\t<p class=\"elementor-heading-title elementor-size-default\">Gesundes L\u00e4cheln: Neuigkeiten und Tipps<\/p>\t\t\t\t<\/div>\n\t\t\t\t<\/div>\n\t\t\t\t\t<\/div>\n\t\t<\/div>\n\t\t\t\t\t<\/div>\n\t\t<\/section>\n\t\t\t\t<section class=\"has_eae_slider elementor-section elementor-top-section elementor-element elementor-element-44f2b1b6 elementor-section-boxed elementor-section-height-default elementor-section-height-default\" data-eae-slider=\"95443\" data-id=\"44f2b1b6\" data-element_type=\"section\" data-e-type=\"section\" id=\"xs_testi_5\" data-settings=\"{&quot;background_background&quot;:&quot;classic&quot;,&quot;_ha_eqh_enable&quot;:false}\">\n\t\t\t\t\t\t<div class=\"elementor-container elementor-column-gap-default\">\n\t\t\t\t\t<div class=\"has_eae_slider elementor-column elementor-col-100 elementor-top-column elementor-element elementor-element-2986babe\" data-eae-slider=\"34560\" data-id=\"2986babe\" data-element_type=\"column\" data-e-type=\"column\">\n\t\t\t<div class=\"elementor-widget-wrap elementor-element-populated\">\n\t\t\t\t\t\t\t<\/div>\n\t\t<\/div>\n\t\t\t\t\t<\/div>\n\t\t<\/section>\n\t\t\t\t<\/div>\n\t\t","protected":false},"excerpt":{"rendered":"<p>Blog Gesundes L\u00e4cheln: Neuigkeiten und Tipps<\/p>\n","protected":false},"author":1,"featured_media":0,"parent":0,"menu_order":0,"comment_status":"closed","ping_status":"closed","template":"","meta":{"_kadence_starter_templates_imported_post":false,"_kad_post_transparent":"","_kad_post_title":"","_kad_post_layout":"","_kad_post_sidebar_id":"","_kad_post_content_style":"","_kad_post_vertical_padding":"","_kad_post_feature":"","_kad_post_feature_position":"","_kad_post_header":false,"_kad_post_footer":false,"_kad_post_classname":"","footnotes":""},"class_list":["post-3536","page","type-page","status-publish","hentry"],"yoast_head":"<!-- This site is optimized with the Yoast SEO plugin v27.3 - https:\/\/yoast.com\/product\/yoast-seo-wordpress\/ -->\n<title>Neuigkeiten | Franch-Adriaens Advanced Dentistry<\/title>\n<meta name=\"description\" content=\"Aktuelle Nachrichten und Updates zur Franch-Adriaens-Klinik.\" \/>\n<meta name=\"robots\" content=\"index, follow, max-snippet:-1, max-image-preview:large, max-video-preview:-1\" \/>\n<link rel=\"canonical\" href=\"https:\/\/franch-adriaens.com\/de\/blog\/\" \/>\n<meta property=\"og:locale\" content=\"de_DE\" \/>\n<meta property=\"og:type\" content=\"article\" \/>\n<meta property=\"og:title\" content=\"Zahnklinik Franch-Adriaens | Erfahren Sie die Meinungen unserer Patienten\" \/>\n<meta property=\"og:description\" content=\"Unsere Patienten sprechen f\u00fcr uns. Wir arbeiten jeden Tag mit h\u00f6chster Professionalit\u00e4t, damit unsere Kunden mit einem L\u00e4cheln nach Hause gehen. Finden Sie heraus, was sie \u00fcber uns sagen!\" \/>\n<meta property=\"og:url\" content=\"https:\/\/franch-adriaens.com\/de\/blog\/\" \/>\n<meta property=\"og:site_name\" content=\"Cl\u00ednica Dental Franch-Adriaens\" \/>\n<meta property=\"article:publisher\" content=\"https:\/\/www.facebook.com\/people\/Clinica-Franch-Adriaens\/100054493027830\/\" \/>\n<meta property=\"article:modified_time\" content=\"2025-01-10T11:18:57+00:00\" \/>\n<meta property=\"og:image\" content=\"https:\/\/franch-adriaens.com\/wp-content\/uploads\/2021\/11\/team_6-300x300.jpg\" \/>\n<script type=\"application\/ld+json\" class=\"yoast-schema-graph\">{\"@context\":\"https:\\\/\\\/schema.org\",\"@graph\":[{\"@type\":\"WebPage\",\"@id\":\"https:\\\/\\\/franch-adriaens.com\\\/de\\\/blog\\\/\",\"url\":\"https:\\\/\\\/franch-adriaens.com\\\/de\\\/blog\\\/\",\"name\":\"Neuigkeiten | Franch-Adriaens Advanced Dentistry\",\"isPartOf\":{\"@id\":\"https:\\\/\\\/franch-adriaens.com\\\/de\\\/#website\"},\"datePublished\":\"2023-11-30T11:10:40+00:00\",\"dateModified\":\"2025-01-10T11:18:57+00:00\",\"description\":\"Aktuelle Nachrichten und Updates zur Franch-Adriaens-Klinik.\",\"breadcrumb\":{\"@id\":\"https:\\\/\\\/franch-adriaens.com\\\/de\\\/blog\\\/#breadcrumb\"},\"inLanguage\":\"de\",\"potentialAction\":[{\"@type\":\"ReadAction\",\"target\":[\"https:\\\/\\\/franch-adriaens.com\\\/de\\\/blog\\\/\"]}]},{\"@type\":\"BreadcrumbList\",\"@id\":\"https:\\\/\\\/franch-adriaens.com\\\/de\\\/blog\\\/#breadcrumb\",\"itemListElement\":[{\"@type\":\"ListItem\",\"position\":1,\"name\":\"Portada\",\"item\":\"https:\\\/\\\/franch-adriaens.com\\\/de\\\/start\\\/\"},{\"@type\":\"ListItem\",\"position\":2,\"name\":\"Blog\"}]},{\"@type\":\"WebSite\",\"@id\":\"https:\\\/\\\/franch-adriaens.com\\\/de\\\/#website\",\"url\":\"https:\\\/\\\/franch-adriaens.com\\\/de\\\/\",\"name\":\"Clinica dental Franch Adriaens Odontolog\u00eda Avanzada\",\"description\":\"Odontolog\u00eda Avanzada\",\"publisher\":{\"@id\":\"https:\\\/\\\/franch-adriaens.com\\\/de\\\/#organization\"},\"potentialAction\":[{\"@type\":\"SearchAction\",\"target\":{\"@type\":\"EntryPoint\",\"urlTemplate\":\"https:\\\/\\\/franch-adriaens.com\\\/de\\\/?s={search_term_string}\"},\"query-input\":{\"@type\":\"PropertyValueSpecification\",\"valueRequired\":true,\"valueName\":\"search_term_string\"}}],\"inLanguage\":\"de\"},{\"@type\":\"Organization\",\"@id\":\"https:\\\/\\\/franch-adriaens.com\\\/de\\\/#organization\",\"name\":\"Cl\u00ednica Dental Franch-Adriaens\",\"url\":\"https:\\\/\\\/franch-adriaens.com\\\/de\\\/\",\"logo\":{\"@type\":\"ImageObject\",\"inLanguage\":\"de\",\"@id\":\"https:\\\/\\\/franch-adriaens.com\\\/de\\\/#\\\/schema\\\/logo\\\/image\\\/\",\"url\":\"https:\\\/\\\/franch-adriaens.com\\\/wp-content\\\/uploads\\\/2022\\\/07\\\/logo.png\",\"contentUrl\":\"https:\\\/\\\/franch-adriaens.com\\\/wp-content\\\/uploads\\\/2022\\\/07\\\/logo.png\",\"width\":542,\"height\":202,\"caption\":\"Cl\u00ednica Dental Franch-Adriaens\"},\"image\":{\"@id\":\"https:\\\/\\\/franch-adriaens.com\\\/de\\\/#\\\/schema\\\/logo\\\/image\\\/\"},\"sameAs\":[\"https:\\\/\\\/www.facebook.com\\\/people\\\/Clinica-Franch-Adriaens\\\/100054493027830\\\/\"]}]}<\/script>\n<!-- \/ Yoast SEO plugin. -->","yoast_head_json":{"title":"Neuigkeiten | Franch-Adriaens Advanced Dentistry","description":"Aktuelle Nachrichten und Updates zur Franch-Adriaens-Klinik.","robots":{"index":"index","follow":"follow","max-snippet":"max-snippet:-1","max-image-preview":"max-image-preview:large","max-video-preview":"max-video-preview:-1"},"canonical":"https:\/\/franch-adriaens.com\/de\/blog\/","og_locale":"de_DE","og_type":"article","og_title":"Zahnklinik Franch-Adriaens | Erfahren Sie die Meinungen unserer Patienten","og_description":"Unsere Patienten sprechen f\u00fcr uns. Wir arbeiten jeden Tag mit h\u00f6chster Professionalit\u00e4t, damit unsere Kunden mit einem L\u00e4cheln nach Hause gehen. Finden Sie heraus, was sie \u00fcber uns sagen!","og_url":"https:\/\/franch-adriaens.com\/de\/blog\/","og_site_name":"Cl\u00ednica Dental Franch-Adriaens","article_publisher":"https:\/\/www.facebook.com\/people\/Clinica-Franch-Adriaens\/100054493027830\/","article_modified_time":"2025-01-10T11:18:57+00:00","og_image":[{"url":"https:\/\/franch-adriaens.com\/wp-content\/uploads\/2021\/11\/team_6-300x300.jpg","type":"","width":"","height":""}],"schema":{"@context":"https:\/\/schema.org","@graph":[{"@type":"WebPage","@id":"https:\/\/franch-adriaens.com\/de\/blog\/","url":"https:\/\/franch-adriaens.com\/de\/blog\/","name":"Neuigkeiten | Franch-Adriaens Advanced Dentistry","isPartOf":{"@id":"https:\/\/franch-adriaens.com\/de\/#website"},"datePublished":"2023-11-30T11:10:40+00:00","dateModified":"2025-01-10T11:18:57+00:00","description":"Aktuelle Nachrichten und Updates zur Franch-Adriaens-Klinik.","breadcrumb":{"@id":"https:\/\/franch-adriaens.com\/de\/blog\/#breadcrumb"},"inLanguage":"de","potentialAction":[{"@type":"ReadAction","target":["https:\/\/franch-adriaens.com\/de\/blog\/"]}]},{"@type":"BreadcrumbList","@id":"https:\/\/franch-adriaens.com\/de\/blog\/#breadcrumb","itemListElement":[{"@type":"ListItem","position":1,"name":"Portada","item":"https:\/\/franch-adriaens.com\/de\/start\/"},{"@type":"ListItem","position":2,"name":"Blog"}]},{"@type":"WebSite","@id":"https:\/\/franch-adriaens.com\/de\/#website","url":"https:\/\/franch-adriaens.com\/de\/","name":"Clinica dental Franch Adriaens Odontolog\u00eda Avanzada","description":"Odontolog\u00eda Avanzada","publisher":{"@id":"https:\/\/franch-adriaens.com\/de\/#organization"},"potentialAction":[{"@type":"SearchAction","target":{"@type":"EntryPoint","urlTemplate":"https:\/\/franch-adriaens.com\/de\/?s={search_term_string}"},"query-input":{"@type":"PropertyValueSpecification","valueRequired":true,"valueName":"search_term_string"}}],"inLanguage":"de"},{"@type":"Organization","@id":"https:\/\/franch-adriaens.com\/de\/#organization","name":"Cl\u00ednica Dental Franch-Adriaens","url":"https:\/\/franch-adriaens.com\/de\/","logo":{"@type":"ImageObject","inLanguage":"de","@id":"https:\/\/franch-adriaens.com\/de\/#\/schema\/logo\/image\/","url":"https:\/\/franch-adriaens.com\/wp-content\/uploads\/2022\/07\/logo.png","contentUrl":"https:\/\/franch-adriaens.com\/wp-content\/uploads\/2022\/07\/logo.png","width":542,"height":202,"caption":"Cl\u00ednica Dental Franch-Adriaens"},"image":{"@id":"https:\/\/franch-adriaens.com\/de\/#\/schema\/logo\/image\/"},"sameAs":["https:\/\/www.facebook.com\/people\/Clinica-Franch-Adriaens\/100054493027830\/"]}]}},"_links":{"self":[{"href":"https:\/\/franch-adriaens.com\/de\/wp-json\/wp\/v2\/pages\/3536","targetHints":{"allow":["GET"]}}],"collection":[{"href":"https:\/\/franch-adriaens.com\/de\/wp-json\/wp\/v2\/pages"}],"about":[{"href":"https:\/\/franch-adriaens.com\/de\/wp-json\/wp\/v2\/types\/page"}],"author":[{"embeddable":true,"href":"https:\/\/franch-adriaens.com\/de\/wp-json\/wp\/v2\/users\/1"}],"replies":[{"embeddable":true,"href":"https:\/\/franch-adriaens.com\/de\/wp-json\/wp\/v2\/comments?post=3536"}],"version-history":[{"count":1,"href":"https:\/\/franch-adriaens.com\/de\/wp-json\/wp\/v2\/pages\/3536\/revisions"}],"predecessor-version":[{"id":3537,"href":"https:\/\/franch-adriaens.com\/de\/wp-json\/wp\/v2\/pages\/3536\/revisions\/3537"}],"wp:attachment":[{"href":"https:\/\/franch-adriaens.com\/de\/wp-json\/wp\/v2\/media?parent=3536"}],"curies":[{"name":"wp","href":"https:\/\/api.w.org\/{rel}","templated":true}]}}