{"id":3491,"date":"2022-07-11T06:23:58","date_gmt":"2022-07-11T06:23:58","guid":{"rendered":"https:\/\/franch-adriaens.com\/kieferorthopaedie\/"},"modified":"2025-01-03T11:54:24","modified_gmt":"2025-01-03T11:54:24","slug":"kieferorthopaedie","status":"publish","type":"page","link":"https:\/\/franch-adriaens.com\/de\/kieferorthopaedie\/","title":{"rendered":"Kieferorthop\u00e4die"},"content":{"rendered":"\t\t<div data-elementor-type=\"wp-page\" data-elementor-id=\"3491\" class=\"elementor elementor-3491 elementor-896\" data-elementor-settings=\"{&quot;ha_cmc_init_switcher&quot;:&quot;no&quot;}\" data-elementor-post-type=\"page\">\n\t\t\t\t\t\t<section class=\"has_eae_slider elementor-section elementor-top-section elementor-element elementor-element-6012164e elementor-section-height-min-height elementor-section-items-stretch elementor-section-boxed elementor-section-height-default elementor-invisible\" data-eae-slider=\"56687\" data-id=\"6012164e\" data-element_type=\"section\" data-e-type=\"section\" data-settings=\"{&quot;animation&quot;:&quot;fadeIn&quot;,&quot;background_background&quot;:&quot;classic&quot;,&quot;_ha_eqh_enable&quot;:false}\">\n\t\t\t\t\t\t\t<div class=\"elementor-background-overlay\"><\/div>\n\t\t\t\t\t\t\t<div class=\"elementor-container elementor-column-gap-default\">\n\t\t\t\t\t<div class=\"has_eae_slider elementor-column elementor-col-100 elementor-top-column elementor-element elementor-element-25294331\" data-eae-slider=\"63763\" data-id=\"25294331\" data-element_type=\"column\" data-e-type=\"column\" data-settings=\"{&quot;background_background&quot;:&quot;slideshow&quot;,&quot;background_slideshow_gallery&quot;:[],&quot;background_slideshow_loop&quot;:&quot;yes&quot;,&quot;background_slideshow_slide_duration&quot;:5000,&quot;background_slideshow_slide_transition&quot;:&quot;fade&quot;,&quot;background_slideshow_transition_duration&quot;:500}\">\n\t\t\t<div class=\"elementor-widget-wrap elementor-element-populated\">\n\t\t\t\t\t\t<div class=\"elementor-element elementor-element-14398181 elementor-widget elementor-widget-heading\" data-id=\"14398181\" data-element_type=\"widget\" data-e-type=\"widget\" data-widget_type=\"heading.default\">\n\t\t\t\t<div class=\"elementor-widget-container\">\n\t\t\t\t\t<h1 class=\"elementor-heading-title elementor-size-default\">Kieferorthop\u00e4die<\/h1>\t\t\t\t<\/div>\n\t\t\t\t<\/div>\n\t\t\t\t<div class=\"elementor-element elementor-element-2122fd9 elementor-widget-divider--view-line elementor-widget elementor-widget-divider\" data-id=\"2122fd9\" data-element_type=\"widget\" data-e-type=\"widget\" data-widget_type=\"divider.default\">\n\t\t\t\t<div class=\"elementor-widget-container\">\n\t\t\t\t\t\t\t<div class=\"elementor-divider\">\n\t\t\t<span class=\"elementor-divider-separator\">\n\t\t\t\t\t\t<\/span>\n\t\t<\/div>\n\t\t\t\t\t\t<\/div>\n\t\t\t\t<\/div>\n\t\t\t\t\t<\/div>\n\t\t<\/div>\n\t\t\t\t\t<\/div>\n\t\t<\/section>\n\t\t\t\t<section class=\"has_eae_slider elementor-section elementor-top-section elementor-element elementor-element-1d4095f elementor-section-boxed elementor-section-height-default elementor-section-height-default\" data-eae-slider=\"49547\" data-id=\"1d4095f\" data-element_type=\"section\" data-e-type=\"section\" data-settings=\"{&quot;background_background&quot;:&quot;classic&quot;,&quot;_ha_eqh_enable&quot;:false}\">\n\t\t\t\t\t\t<div class=\"elementor-container elementor-column-gap-default\">\n\t\t\t\t\t<div class=\"has_eae_slider elementor-column elementor-col-100 elementor-top-column elementor-element elementor-element-6e77317\" data-eae-slider=\"32828\" data-id=\"6e77317\" data-element_type=\"column\" data-e-type=\"column\">\n\t\t\t<div class=\"elementor-widget-wrap elementor-element-populated\">\n\t\t\t\t\t\t<div class=\"elementor-element elementor-element-12d342c elementor-widget elementor-widget-heading\" data-id=\"12d342c\" data-element_type=\"widget\" data-e-type=\"widget\" data-widget_type=\"heading.default\">\n\t\t\t\t<div class=\"elementor-widget-container\">\n\t\t\t\t\t<p class=\"elementor-heading-title elementor-size-default\">Durch die Kieferorthop\u00e4die korrigieren wir die Fehlstellung der Z\u00e4hne durch die Anwendung verschiedener Arten von Kr\u00e4ften und verbessern so ihre Funktion und \u00c4sthetik.<br>Wir verf\u00fcgen \u00fcber digitale Technologie, um Ihre Behandlungen mit unsichtbaren transparenten Alignern (Invisalign, Clear Correct, Sure Smile, Spark) mit absoluter Sicherheit zu planen und zu entwickeln.<\/p>\t\t\t\t<\/div>\n\t\t\t\t<\/div>\n\t\t\t\t\t<\/div>\n\t\t<\/div>\n\t\t\t\t\t<\/div>\n\t\t<\/section>\n\t\t\t\t<section class=\"has_eae_slider elementor-section elementor-top-section elementor-element elementor-element-13e9e32 elementor-section-boxed elementor-section-height-default elementor-section-height-default\" data-eae-slider=\"82868\" data-id=\"13e9e32\" data-element_type=\"section\" data-e-type=\"section\" data-settings=\"{&quot;_ha_eqh_enable&quot;:false}\">\n\t\t\t\t\t\t<div class=\"elementor-container elementor-column-gap-default\">\n\t\t\t\t\t<div class=\"has_eae_slider elementor-column elementor-col-100 elementor-top-column elementor-element elementor-element-a335870\" data-eae-slider=\"88762\" data-id=\"a335870\" data-element_type=\"column\" data-e-type=\"column\">\n\t\t\t<div class=\"elementor-widget-wrap elementor-element-populated\">\n\t\t\t\t\t\t<div class=\"elementor-element elementor-element-07d2676 elementor-widget elementor-widget-ha-image-compare happy-addon ha-image-compare\" data-id=\"07d2676\" data-element_type=\"widget\" data-e-type=\"widget\" data-widget_type=\"ha-image-compare.default\">\n\t\t\t\t<div class=\"elementor-widget-container\">\n\t\t\t\t\t        <div class=\"twentytwenty-container hajs-image-comparison\" data-happy-settings=\"{&quot;default_offset_pct&quot;:0.5,&quot;orientation&quot;:&quot;horizontal&quot;,&quot;no_overlay&quot;:false,&quot;move_handle&quot;:&quot;on_swipe&quot;,&quot;before_label&quot;:&quot;Vor&quot;,&quot;after_label&quot;:&quot;Nach&quot;}\">\n            <img fetchpriority=\"high\" decoding=\"async\" width=\"2560\" height=\"1707\" src=\"https:\/\/franch-adriaens.com\/wp-content\/uploads\/2023\/11\/Foto-1-scaled.jpg\" class=\"elementor-animation-disable-animation attachment-full size-full wp-image-2172\" alt=\"ortodoncia\" srcset=\"https:\/\/franch-adriaens.com\/wp-content\/uploads\/2023\/11\/Foto-1-scaled.jpg 2560w, https:\/\/franch-adriaens.com\/wp-content\/uploads\/2023\/11\/Foto-1-300x200.jpg 300w, https:\/\/franch-adriaens.com\/wp-content\/uploads\/2023\/11\/Foto-1-1024x683.jpg 1024w, https:\/\/franch-adriaens.com\/wp-content\/uploads\/2023\/11\/Foto-1-768x512.jpg 768w, https:\/\/franch-adriaens.com\/wp-content\/uploads\/2023\/11\/Foto-1-1536x1024.jpg 1536w, https:\/\/franch-adriaens.com\/wp-content\/uploads\/2023\/11\/Foto-1-2048x1365.jpg 2048w\" sizes=\"(max-width: 2560px) 100vw, 2560px\" \/><img decoding=\"async\" width=\"2560\" height=\"1707\" src=\"https:\/\/franch-adriaens.com\/wp-content\/uploads\/2023\/11\/Foto-2-scaled.jpg\" class=\"elementor-animation-disable-animation attachment-full size-full wp-image-2173\" alt=\"\" srcset=\"https:\/\/franch-adriaens.com\/wp-content\/uploads\/2023\/11\/Foto-2-scaled.jpg 2560w, https:\/\/franch-adriaens.com\/wp-content\/uploads\/2023\/11\/Foto-2-300x200.jpg 300w, https:\/\/franch-adriaens.com\/wp-content\/uploads\/2023\/11\/Foto-2-1024x683.jpg 1024w, https:\/\/franch-adriaens.com\/wp-content\/uploads\/2023\/11\/Foto-2-768x512.jpg 768w, https:\/\/franch-adriaens.com\/wp-content\/uploads\/2023\/11\/Foto-2-1536x1024.jpg 1536w, https:\/\/franch-adriaens.com\/wp-content\/uploads\/2023\/11\/Foto-2-2048x1365.jpg 2048w\" sizes=\"(max-width: 2560px) 100vw, 2560px\" \/>        <\/div>\n        \t\t\t\t<\/div>\n\t\t\t\t<\/div>\n\t\t\t\t\t<\/div>\n\t\t<\/div>\n\t\t\t\t\t<\/div>\n\t\t<\/section>\n\t\t\t\t<section class=\"has_eae_slider elementor-section elementor-top-section elementor-element elementor-element-5325c2e1 elementor-section-boxed elementor-section-height-default elementor-section-height-default\" data-eae-slider=\"50838\" data-id=\"5325c2e1\" data-element_type=\"section\" data-e-type=\"section\" id=\"xs_accor_gradient_color\" data-settings=\"{&quot;background_background&quot;:&quot;classic&quot;,&quot;_ha_eqh_enable&quot;:false}\">\n\t\t\t\t\t\t\t<div class=\"elementor-background-overlay\"><\/div>\n\t\t\t\t\t\t\t<div class=\"elementor-container elementor-column-gap-default\">\n\t\t\t\t\t<div class=\"has_eae_slider elementor-column elementor-col-100 elementor-top-column elementor-element elementor-element-6d3f784\" data-eae-slider=\"60815\" data-id=\"6d3f784\" data-element_type=\"column\" data-e-type=\"column\">\n\t\t\t<div class=\"elementor-widget-wrap elementor-element-populated\">\n\t\t\t\t\t\t<div class=\"elementor-element elementor-element-72fc2a2 elementor-widget elementor-widget-text-editor\" data-id=\"72fc2a2\" data-element_type=\"widget\" data-e-type=\"widget\" data-widget_type=\"text-editor.default\">\n\t\t\t\t<div class=\"elementor-widget-container\">\n\t\t\t\t\t\t\t\t\t<p style=\"text-align: left;\"><b>Kieferorthop\u00e4die: Jenseits der \u00c4sthetik<\/b><\/p>\n<p style=\"text-align: left;\"><span style=\"font-weight: 400;\">Schiefe oder falsch ausgerichtete Z\u00e4hne stellen weit mehr als nur ein \u00e4sthetisches Problem dar. Tats\u00e4chlich bietet die Korrektur der Zahnstellung durch kieferorthop\u00e4dische Apparaturen wichtige Vorteile f\u00fcr die Mundgesundheit im Allgemeinen, indem sie dazu beitr\u00e4gt, verschiedene Pathologien zu verhindern und die Funktionalit\u00e4t des Mundes zu verbessern. <\/span><\/p>\n<p style=\"text-align: left;\"><b>Verbesserte bakterielle Plaque-Kontrolle<\/b><\/p>\n<p style=\"text-align: left;\"><span style=\"font-weight: 400;\">Eines der h\u00e4ufigsten Probleme bei Menschen mit Zahnfehlstellungen ist die Schwierigkeit, eine angemessene Mundhygiene aufrechtzuerhalten. Unregelm\u00e4\u00dfige Zahnzwischenr\u00e4ume machen das Z\u00e4hneputzen und die Verwendung von Zahnseide weniger effektiv und beg\u00fcnstigen die Bildung von Plaque. Diese Ablagerungen erh\u00f6hen das Risiko f\u00fcr die Entstehung von Karies und Parodontalerkrankungen wie Gingivitis oder Parodontitis erheblich.  <\/span><\/p>\n<p style=\"text-align: left;\"><span style=\"font-weight: 400;\">Bei einer kieferorthop\u00e4dischen Behandlung werden die Z\u00e4hne richtig ausgerichtet, was eine effizientere Reinigung erm\u00f6glicht. Gerade Z\u00e4hne erm\u00f6glichen einen besseren Zugang zu allen Oberfl\u00e4chen, wodurch die M\u00f6glichkeit verringert wird, dass sich bakterieller Zahnbelag an schwer zug\u00e4nglichen Stellen festsetzt, und somit das Risiko von Karies und anderen oralen Komplikationen verringert wird. <\/span><\/p>\n<p style=\"text-align: left;\"><b>Korrekte Bissausrichtung und Kiefergesundheit<\/b><\/p>\n<p style=\"text-align: left;\"><span style=\"font-weight: 400;\">Ein weiterer grundlegender Aspekt, der durch die Kieferorthop\u00e4die verbessert wird, ist die Ausrichtung des Bisses. Ein falscher Biss oder eine Malokklusion kann eine Reihe von Problemen im Kiefergelenk (TMJ) und im Kiefer verursachen. Zu den negativen Auswirkungen einer Bissfehlstellung geh\u00f6ren:  <\/span><\/p>\n<ul style=\"text-align: left;\">\n<li style=\"font-weight: 400;\" aria-level=\"1\"><b>Schmerzen im Kiefer oder Kiefergelenk (TMJ)<\/b><\/li>\n<li style=\"font-weight: 400;\" aria-level=\"1\"><b>Vorzeitiger oder ungleichm\u00e4\u00dfiger Zahnverschlei\u00df<\/b><\/li>\n<li style=\"font-weight: 400;\" aria-level=\"1\"><b>Schwierigkeiten beim Kauen oder Sprechen<\/b><\/li>\n<li style=\"font-weight: 400;\" aria-level=\"1\"><b>Kopf- oder Gesichtsschmerzen aufgrund von Muskelverspannungen im Zusammenhang mit einer schlechten Ausrichtung<\/b><\/li>\n<\/ul>\n<p style=\"text-align: left;\"><span style=\"font-weight: 400;\">Durch die kieferorthop\u00e4dische Korrektur Ihres Bisses optimieren Sie nicht nur die Kaufunktion, sondern verringern auch das Risiko von Muskel- oder Gelenkproblemen, die durch \u00fcberm\u00e4\u00dfigen Druck auf bestimmte Bereiche des Kiefers entstehen k\u00f6nnen.<\/span><\/p>\n<p style=\"text-align: left;\"><b>Zus\u00e4tzliche Vorteile der Kieferorthop\u00e4die<\/b><\/p>\n<p style=\"text-align: left;\"><span style=\"font-weight: 400;\">Neben einer besseren Hygiene und Bisskorrektur bietet die kieferorthop\u00e4dische Behandlung weitere Vorteile, die die Lebensqualit\u00e4t des Patienten verbessern:<\/span><\/p>\n<ul style=\"text-align: left;\">\n<li style=\"font-weight: 400;\" aria-level=\"1\"><b>Verbessertes Selbstwertgef\u00fchl:<\/b><span style=\"font-weight: 400;\"> Ein ausgeglichenes und \u00e4sthetisches L\u00e4cheln kann sich positiv auf das pers\u00f6nliche Selbstvertrauen und die sozialen Interaktionen auswirken.<\/span><\/li>\n<li style=\"font-weight: 400;\" aria-level=\"1\"><b>Vorbeugung langfristiger Zahnprobleme:<\/b><span style=\"font-weight: 400;\"> Durch die Korrektur der Zahnstellung wird das Risiko zuk\u00fcnftiger Komplikationen wie Br\u00fcche oder \u00fcberm\u00e4\u00dfiger Verschlei\u00df verringert.<\/span><\/li>\n<li style=\"font-weight: 400;\" aria-level=\"1\"><b>Bessere Verdauungsfunktion:<\/b><span style=\"font-weight: 400;\"> Ein richtig ausgerichteter Biss verbessert die Effizienz des Kauens, was wiederum die richtige Verdauung und Aufnahme der Nahrung erleichtert.<\/span><\/li>\n<\/ul>\n<p style=\"text-align: left;\"><b>Abschluss<\/b><\/p>\n<p style=\"text-align: left;\"><span style=\"font-weight: 400;\">Kieferorthop\u00e4die ist eine Behandlung, die nicht nur die Zahn\u00e4sthetik verbessern soll, sondern auch einen direkten Einfluss auf die Mund- und Allgemeingesundheit des Patienten hat. Durch die Ausrichtung der Z\u00e4hne und die Korrektur des Bisses wird eine bessere Hygiene erm\u00f6glicht, Kieferproblemen vorgebeugt und die Kaufunktion verbessert. Wenn Sie schiefe Z\u00e4hne oder eine Fehlstellung des Bisses haben, empfehlen wir Ihnen, sich an einen Kieferorthop\u00e4den zu wenden, um die Behandlungsm\u00f6glichkeiten zu ermitteln, die Ihren Bed\u00fcrfnissen am besten entsprechen.  <\/span><\/p>\n\t\t\t\t\t\t\t\t<\/div>\n\t\t\t\t<\/div>\n\t\t\t\t\t<\/div>\n\t\t<\/div>\n\t\t\t\t\t<\/div>\n\t\t<\/section>\n\t\t\t\t<section class=\"has_eae_slider elementor-section elementor-top-section elementor-element elementor-element-cfb098f elementor-section-boxed elementor-section-height-default elementor-section-height-default\" data-eae-slider=\"62851\" data-id=\"cfb098f\" data-element_type=\"section\" data-e-type=\"section\" data-settings=\"{&quot;background_background&quot;:&quot;classic&quot;,&quot;_ha_eqh_enable&quot;:false}\">\n\t\t\t\t\t\t\t<div class=\"elementor-background-overlay\"><\/div>\n\t\t\t\t\t\t\t<div class=\"elementor-container elementor-column-gap-default\">\n\t\t\t\t\t<div class=\"has_eae_slider elementor-column elementor-col-100 elementor-top-column elementor-element elementor-element-2abc0bd\" data-eae-slider=\"54997\" data-id=\"2abc0bd\" data-element_type=\"column\" data-e-type=\"column\">\n\t\t\t<div class=\"elementor-widget-wrap\">\n\t\t\t\t\t\t\t<\/div>\n\t\t<\/div>\n\t\t\t\t\t<\/div>\n\t\t<\/section>\n\t\t\t\t<\/div>\n\t\t","protected":false},"excerpt":{"rendered":"<p>Kieferorthop\u00e4die Durch die Kieferorthop\u00e4die korrigieren wir die Fehlstellung der Z\u00e4hne durch die Anwendung verschiedener Arten von Kr\u00e4ften und verbessern so ihre Funktion und \u00c4sthetik.Wir verf\u00fcgen \u00fcber digitale Technologie, um Ihre Behandlungen mit unsichtbaren transparenten Alignern (Invisalign, Clear Correct, Sure Smile, Spark) mit absoluter Sicherheit zu planen und zu entwickeln. Kieferorthop\u00e4die: Jenseits der \u00c4sthetik Schiefe oder&#8230;<\/p>\n","protected":false},"author":1,"featured_media":0,"parent":0,"menu_order":0,"comment_status":"closed","ping_status":"closed","template":"","meta":{"_kadence_starter_templates_imported_post":false,"_kad_post_transparent":"","_kad_post_title":"","_kad_post_layout":"","_kad_post_sidebar_id":"","_kad_post_content_style":"","_kad_post_vertical_padding":"","_kad_post_feature":"","_kad_post_feature_position":"","_kad_post_header":false,"_kad_post_footer":false,"_kad_post_classname":"","footnotes":""},"class_list":["post-3491","page","type-page","status-publish","hentry"],"yoast_head":"<!-- This site is optimized with the Yoast SEO plugin v27.3 - https:\/\/yoast.com\/product\/yoast-seo-wordpress\/ -->\n<title>Kieferorthop\u00e4dische Behandlung | Franch-Adriaens Advanced Dentistry<\/title>\n<meta name=\"description\" content=\"In der Klinik Franch-Adriaens korrigieren wir durch Kieferorthop\u00e4die die Fehlstellung der Z\u00e4hne und verbessern so ihre Funktion und \u00c4sthetik.\" \/>\n<meta name=\"robots\" content=\"index, follow, max-snippet:-1, max-image-preview:large, max-video-preview:-1\" \/>\n<link rel=\"canonical\" href=\"https:\/\/franch-adriaens.com\/de\/kieferorthopaedie\/\" \/>\n<meta property=\"og:locale\" content=\"de_DE\" \/>\n<meta property=\"og:type\" content=\"article\" \/>\n<meta property=\"og:title\" content=\"Zahnklinik Franch-Adriaens | Kieferorthop\u00e4dische Behandlung\" \/>\n<meta property=\"og:description\" content=\"In der Zahnklinik Franch-Adriaens korrigieren wir durch Kieferorthop\u00e4die die Fehlstellung der Z\u00e4hne durch die Anwendung verschiedener Arten von Kr\u00e4ften und verbessern so ihre Funktion und \u00c4sthetik.\" \/>\n<meta property=\"og:url\" content=\"https:\/\/franch-adriaens.com\/de\/kieferorthopaedie\/\" \/>\n<meta property=\"og:site_name\" content=\"Cl\u00ednica Dental Franch-Adriaens\" \/>\n<meta property=\"article:publisher\" content=\"https:\/\/www.facebook.com\/people\/Clinica-Franch-Adriaens\/100054493027830\/\" \/>\n<meta property=\"article:modified_time\" content=\"2025-01-03T11:54:24+00:00\" \/>\n<meta property=\"og:image\" content=\"https:\/\/franch-adriaens.com\/wp-content\/uploads\/2021\/10\/que_es_una_ortodoncia-1024x558.jpg\" \/>\n<meta name=\"twitter:label1\" content=\"Gesch\u00e4tzte Lesezeit\" \/>\n\t<meta name=\"twitter:data1\" content=\"3\u00a0Minuten\" \/>\n<script type=\"application\/ld+json\" class=\"yoast-schema-graph\">{\"@context\":\"https:\\\/\\\/schema.org\",\"@graph\":[{\"@type\":\"WebPage\",\"@id\":\"https:\\\/\\\/franch-adriaens.com\\\/de\\\/kieferorthopaedie\\\/\",\"url\":\"https:\\\/\\\/franch-adriaens.com\\\/de\\\/kieferorthopaedie\\\/\",\"name\":\"Kieferorthop\u00e4dische Behandlung | Franch-Adriaens Advanced Dentistry\",\"isPartOf\":{\"@id\":\"https:\\\/\\\/franch-adriaens.com\\\/de\\\/#website\"},\"primaryImageOfPage\":{\"@id\":\"https:\\\/\\\/franch-adriaens.com\\\/de\\\/kieferorthopaedie\\\/#primaryimage\"},\"image\":{\"@id\":\"https:\\\/\\\/franch-adriaens.com\\\/de\\\/kieferorthopaedie\\\/#primaryimage\"},\"thumbnailUrl\":\"https:\\\/\\\/franch-adriaens.com\\\/wp-content\\\/uploads\\\/2023\\\/11\\\/Foto-1-scaled.jpg\",\"datePublished\":\"2022-07-11T06:23:58+00:00\",\"dateModified\":\"2025-01-03T11:54:24+00:00\",\"description\":\"In der Klinik Franch-Adriaens korrigieren wir durch Kieferorthop\u00e4die die Fehlstellung der Z\u00e4hne und verbessern so ihre Funktion und \u00c4sthetik.\",\"breadcrumb\":{\"@id\":\"https:\\\/\\\/franch-adriaens.com\\\/de\\\/kieferorthopaedie\\\/#breadcrumb\"},\"inLanguage\":\"de\",\"potentialAction\":[{\"@type\":\"ReadAction\",\"target\":[\"https:\\\/\\\/franch-adriaens.com\\\/de\\\/kieferorthopaedie\\\/\"]}]},{\"@type\":\"ImageObject\",\"inLanguage\":\"de\",\"@id\":\"https:\\\/\\\/franch-adriaens.com\\\/de\\\/kieferorthopaedie\\\/#primaryimage\",\"url\":\"https:\\\/\\\/franch-adriaens.com\\\/wp-content\\\/uploads\\\/2023\\\/11\\\/Foto-1-scaled.jpg\",\"contentUrl\":\"https:\\\/\\\/franch-adriaens.com\\\/wp-content\\\/uploads\\\/2023\\\/11\\\/Foto-1-scaled.jpg\"},{\"@type\":\"BreadcrumbList\",\"@id\":\"https:\\\/\\\/franch-adriaens.com\\\/de\\\/kieferorthopaedie\\\/#breadcrumb\",\"itemListElement\":[{\"@type\":\"ListItem\",\"position\":1,\"name\":\"Portada\",\"item\":\"https:\\\/\\\/franch-adriaens.com\\\/de\\\/start\\\/\"},{\"@type\":\"ListItem\",\"position\":2,\"name\":\"Kieferorthop\u00e4die\"}]},{\"@type\":\"WebSite\",\"@id\":\"https:\\\/\\\/franch-adriaens.com\\\/de\\\/#website\",\"url\":\"https:\\\/\\\/franch-adriaens.com\\\/de\\\/\",\"name\":\"Clinica dental Franch Adriaens Odontolog\u00eda Avanzada\",\"description\":\"Odontolog\u00eda Avanzada\",\"publisher\":{\"@id\":\"https:\\\/\\\/franch-adriaens.com\\\/de\\\/#organization\"},\"potentialAction\":[{\"@type\":\"SearchAction\",\"target\":{\"@type\":\"EntryPoint\",\"urlTemplate\":\"https:\\\/\\\/franch-adriaens.com\\\/de\\\/?s={search_term_string}\"},\"query-input\":{\"@type\":\"PropertyValueSpecification\",\"valueRequired\":true,\"valueName\":\"search_term_string\"}}],\"inLanguage\":\"de\"},{\"@type\":\"Organization\",\"@id\":\"https:\\\/\\\/franch-adriaens.com\\\/de\\\/#organization\",\"name\":\"Cl\u00ednica Dental Franch-Adriaens\",\"url\":\"https:\\\/\\\/franch-adriaens.com\\\/de\\\/\",\"logo\":{\"@type\":\"ImageObject\",\"inLanguage\":\"de\",\"@id\":\"https:\\\/\\\/franch-adriaens.com\\\/de\\\/#\\\/schema\\\/logo\\\/image\\\/\",\"url\":\"https:\\\/\\\/franch-adriaens.com\\\/wp-content\\\/uploads\\\/2022\\\/07\\\/logo.png\",\"contentUrl\":\"https:\\\/\\\/franch-adriaens.com\\\/wp-content\\\/uploads\\\/2022\\\/07\\\/logo.png\",\"width\":542,\"height\":202,\"caption\":\"Cl\u00ednica Dental Franch-Adriaens\"},\"image\":{\"@id\":\"https:\\\/\\\/franch-adriaens.com\\\/de\\\/#\\\/schema\\\/logo\\\/image\\\/\"},\"sameAs\":[\"https:\\\/\\\/www.facebook.com\\\/people\\\/Clinica-Franch-Adriaens\\\/100054493027830\\\/\"]}]}<\/script>\n<!-- \/ Yoast SEO plugin. -->","yoast_head_json":{"title":"Kieferorthop\u00e4dische Behandlung | Franch-Adriaens Advanced Dentistry","description":"In der Klinik Franch-Adriaens korrigieren wir durch Kieferorthop\u00e4die die Fehlstellung der Z\u00e4hne und verbessern so ihre Funktion und \u00c4sthetik.","robots":{"index":"index","follow":"follow","max-snippet":"max-snippet:-1","max-image-preview":"max-image-preview:large","max-video-preview":"max-video-preview:-1"},"canonical":"https:\/\/franch-adriaens.com\/de\/kieferorthopaedie\/","og_locale":"de_DE","og_type":"article","og_title":"Zahnklinik Franch-Adriaens | Kieferorthop\u00e4dische Behandlung","og_description":"In der Zahnklinik Franch-Adriaens korrigieren wir durch Kieferorthop\u00e4die die Fehlstellung der Z\u00e4hne durch die Anwendung verschiedener Arten von Kr\u00e4ften und verbessern so ihre Funktion und \u00c4sthetik.","og_url":"https:\/\/franch-adriaens.com\/de\/kieferorthopaedie\/","og_site_name":"Cl\u00ednica Dental Franch-Adriaens","article_publisher":"https:\/\/www.facebook.com\/people\/Clinica-Franch-Adriaens\/100054493027830\/","article_modified_time":"2025-01-03T11:54:24+00:00","og_image":[{"url":"https:\/\/franch-adriaens.com\/wp-content\/uploads\/2021\/10\/que_es_una_ortodoncia-1024x558.jpg","type":"","width":"","height":""}],"twitter_misc":{"Gesch\u00e4tzte Lesezeit":"3\u00a0Minuten"},"schema":{"@context":"https:\/\/schema.org","@graph":[{"@type":"WebPage","@id":"https:\/\/franch-adriaens.com\/de\/kieferorthopaedie\/","url":"https:\/\/franch-adriaens.com\/de\/kieferorthopaedie\/","name":"Kieferorthop\u00e4dische Behandlung | Franch-Adriaens Advanced Dentistry","isPartOf":{"@id":"https:\/\/franch-adriaens.com\/de\/#website"},"primaryImageOfPage":{"@id":"https:\/\/franch-adriaens.com\/de\/kieferorthopaedie\/#primaryimage"},"image":{"@id":"https:\/\/franch-adriaens.com\/de\/kieferorthopaedie\/#primaryimage"},"thumbnailUrl":"https:\/\/franch-adriaens.com\/wp-content\/uploads\/2023\/11\/Foto-1-scaled.jpg","datePublished":"2022-07-11T06:23:58+00:00","dateModified":"2025-01-03T11:54:24+00:00","description":"In der Klinik Franch-Adriaens korrigieren wir durch Kieferorthop\u00e4die die Fehlstellung der Z\u00e4hne und verbessern so ihre Funktion und \u00c4sthetik.","breadcrumb":{"@id":"https:\/\/franch-adriaens.com\/de\/kieferorthopaedie\/#breadcrumb"},"inLanguage":"de","potentialAction":[{"@type":"ReadAction","target":["https:\/\/franch-adriaens.com\/de\/kieferorthopaedie\/"]}]},{"@type":"ImageObject","inLanguage":"de","@id":"https:\/\/franch-adriaens.com\/de\/kieferorthopaedie\/#primaryimage","url":"https:\/\/franch-adriaens.com\/wp-content\/uploads\/2023\/11\/Foto-1-scaled.jpg","contentUrl":"https:\/\/franch-adriaens.com\/wp-content\/uploads\/2023\/11\/Foto-1-scaled.jpg"},{"@type":"BreadcrumbList","@id":"https:\/\/franch-adriaens.com\/de\/kieferorthopaedie\/#breadcrumb","itemListElement":[{"@type":"ListItem","position":1,"name":"Portada","item":"https:\/\/franch-adriaens.com\/de\/start\/"},{"@type":"ListItem","position":2,"name":"Kieferorthop\u00e4die"}]},{"@type":"WebSite","@id":"https:\/\/franch-adriaens.com\/de\/#website","url":"https:\/\/franch-adriaens.com\/de\/","name":"Clinica dental Franch Adriaens Odontolog\u00eda Avanzada","description":"Odontolog\u00eda Avanzada","publisher":{"@id":"https:\/\/franch-adriaens.com\/de\/#organization"},"potentialAction":[{"@type":"SearchAction","target":{"@type":"EntryPoint","urlTemplate":"https:\/\/franch-adriaens.com\/de\/?s={search_term_string}"},"query-input":{"@type":"PropertyValueSpecification","valueRequired":true,"valueName":"search_term_string"}}],"inLanguage":"de"},{"@type":"Organization","@id":"https:\/\/franch-adriaens.com\/de\/#organization","name":"Cl\u00ednica Dental Franch-Adriaens","url":"https:\/\/franch-adriaens.com\/de\/","logo":{"@type":"ImageObject","inLanguage":"de","@id":"https:\/\/franch-adriaens.com\/de\/#\/schema\/logo\/image\/","url":"https:\/\/franch-adriaens.com\/wp-content\/uploads\/2022\/07\/logo.png","contentUrl":"https:\/\/franch-adriaens.com\/wp-content\/uploads\/2022\/07\/logo.png","width":542,"height":202,"caption":"Cl\u00ednica Dental Franch-Adriaens"},"image":{"@id":"https:\/\/franch-adriaens.com\/de\/#\/schema\/logo\/image\/"},"sameAs":["https:\/\/www.facebook.com\/people\/Clinica-Franch-Adriaens\/100054493027830\/"]}]}},"_links":{"self":[{"href":"https:\/\/franch-adriaens.com\/de\/wp-json\/wp\/v2\/pages\/3491","targetHints":{"allow":["GET"]}}],"collection":[{"href":"https:\/\/franch-adriaens.com\/de\/wp-json\/wp\/v2\/pages"}],"about":[{"href":"https:\/\/franch-adriaens.com\/de\/wp-json\/wp\/v2\/types\/page"}],"author":[{"embeddable":true,"href":"https:\/\/franch-adriaens.com\/de\/wp-json\/wp\/v2\/users\/1"}],"replies":[{"embeddable":true,"href":"https:\/\/franch-adriaens.com\/de\/wp-json\/wp\/v2\/comments?post=3491"}],"version-history":[{"count":1,"href":"https:\/\/franch-adriaens.com\/de\/wp-json\/wp\/v2\/pages\/3491\/revisions"}],"predecessor-version":[{"id":3505,"href":"https:\/\/franch-adriaens.com\/de\/wp-json\/wp\/v2\/pages\/3491\/revisions\/3505"}],"wp:attachment":[{"href":"https:\/\/franch-adriaens.com\/de\/wp-json\/wp\/v2\/media?parent=3491"}],"curies":[{"name":"wp","href":"https:\/\/api.w.org\/{rel}","templated":true}]}}