{"id":3487,"date":"2022-07-11T07:13:33","date_gmt":"2022-07-11T07:13:33","guid":{"rendered":"https:\/\/franch-adriaens.com\/zahnaesthetik\/"},"modified":"2025-01-03T11:27:37","modified_gmt":"2025-01-03T11:27:37","slug":"zahnaesthetik","status":"publish","type":"page","link":"https:\/\/franch-adriaens.com\/de\/zahnaesthetik\/","title":{"rendered":"Zahn\u00e4sthetik"},"content":{"rendered":"\t\t<div data-elementor-type=\"wp-page\" data-elementor-id=\"3487\" class=\"elementor elementor-3487 elementor-915\" data-elementor-settings=\"{&quot;ha_cmc_init_switcher&quot;:&quot;no&quot;}\" data-elementor-post-type=\"page\">\n\t\t\t\t\t\t<section class=\"has_eae_slider elementor-section elementor-top-section elementor-element elementor-element-6012164e elementor-section-height-min-height elementor-section-items-stretch elementor-section-boxed elementor-section-height-default elementor-invisible\" data-eae-slider=\"4061\" data-id=\"6012164e\" data-element_type=\"section\" data-e-type=\"section\" data-settings=\"{&quot;animation&quot;:&quot;fadeIn&quot;,&quot;background_background&quot;:&quot;classic&quot;,&quot;_ha_eqh_enable&quot;:false}\">\n\t\t\t\t\t\t\t<div class=\"elementor-background-overlay\"><\/div>\n\t\t\t\t\t\t\t<div class=\"elementor-container elementor-column-gap-default\">\n\t\t\t\t\t<div class=\"has_eae_slider elementor-column elementor-col-100 elementor-top-column elementor-element elementor-element-25294331\" data-eae-slider=\"36952\" data-id=\"25294331\" data-element_type=\"column\" data-e-type=\"column\">\n\t\t\t<div class=\"elementor-widget-wrap elementor-element-populated\">\n\t\t\t\t\t\t<div class=\"elementor-element elementor-element-14398181 elementor-widget elementor-widget-heading\" data-id=\"14398181\" data-element_type=\"widget\" data-e-type=\"widget\" data-widget_type=\"heading.default\">\n\t\t\t\t<div class=\"elementor-widget-container\">\n\t\t\t\t\t<h1 class=\"elementor-heading-title elementor-size-default\">Zahn\u00e4sthetik<\/h1>\t\t\t\t<\/div>\n\t\t\t\t<\/div>\n\t\t\t\t<div class=\"elementor-element elementor-element-2122fd9 elementor-widget-divider--view-line elementor-widget elementor-widget-divider\" data-id=\"2122fd9\" data-element_type=\"widget\" data-e-type=\"widget\" data-widget_type=\"divider.default\">\n\t\t\t\t<div class=\"elementor-widget-container\">\n\t\t\t\t\t\t\t<div class=\"elementor-divider\">\n\t\t\t<span class=\"elementor-divider-separator\">\n\t\t\t\t\t\t<\/span>\n\t\t<\/div>\n\t\t\t\t\t\t<\/div>\n\t\t\t\t<\/div>\n\t\t\t\t\t<\/div>\n\t\t<\/div>\n\t\t\t\t\t<\/div>\n\t\t<\/section>\n\t\t\t\t<section class=\"has_eae_slider elementor-section elementor-top-section elementor-element elementor-element-1d4095f elementor-section-boxed elementor-section-height-default elementor-section-height-default\" data-eae-slider=\"66950\" data-id=\"1d4095f\" data-element_type=\"section\" data-e-type=\"section\" data-settings=\"{&quot;background_background&quot;:&quot;classic&quot;,&quot;_ha_eqh_enable&quot;:false}\">\n\t\t\t\t\t\t<div class=\"elementor-container elementor-column-gap-default\">\n\t\t\t\t\t<div class=\"has_eae_slider elementor-column elementor-col-100 elementor-top-column elementor-element elementor-element-6e77317\" data-eae-slider=\"42400\" data-id=\"6e77317\" data-element_type=\"column\" data-e-type=\"column\">\n\t\t\t<div class=\"elementor-widget-wrap elementor-element-populated\">\n\t\t\t\t\t\t<div class=\"elementor-element elementor-element-12d342c elementor-widget elementor-widget-heading\" data-id=\"12d342c\" data-element_type=\"widget\" data-e-type=\"widget\" data-widget_type=\"heading.default\">\n\t\t\t\t<div class=\"elementor-widget-container\">\n\t\t\t\t\t<h2 class=\"elementor-heading-title elementor-size-default\">Zahn\u00e4sthetik und die hohen Anspr\u00fcche unserer Patienten zwingen uns zu modernsten und innovativsten Behandlungen. <br> Minimalinvasive Zahnheilkunde, Veneers, effektive Zahnaufhellung und Behandlungen zur Verj\u00fcngung des L\u00e4chelns, um alle Bed\u00fcrfnisse unserer Patienten zu erf\u00fcllen.<\/h2>\t\t\t\t<\/div>\n\t\t\t\t<\/div>\n\t\t\t\t\t<\/div>\n\t\t<\/div>\n\t\t\t\t\t<\/div>\n\t\t<\/section>\n\t\t\t\t<section class=\"has_eae_slider elementor-section elementor-top-section elementor-element elementor-element-26d42cb elementor-section-boxed elementor-section-height-default elementor-section-height-default\" data-eae-slider=\"50687\" data-id=\"26d42cb\" data-element_type=\"section\" data-e-type=\"section\" data-settings=\"{&quot;background_background&quot;:&quot;classic&quot;,&quot;_ha_eqh_enable&quot;:false}\">\n\t\t\t\t\t\t\t<div class=\"elementor-background-overlay\"><\/div>\n\t\t\t\t\t\t\t<div class=\"elementor-container elementor-column-gap-default\">\n\t\t\t\t\t<div class=\"has_eae_slider elementor-column elementor-col-100 elementor-top-column elementor-element elementor-element-b28e621\" data-eae-slider=\"23753\" data-id=\"b28e621\" data-element_type=\"column\" data-e-type=\"column\">\n\t\t\t<div class=\"elementor-widget-wrap elementor-element-populated\">\n\t\t\t\t\t\t<div class=\"elementor-element elementor-element-7802953 elementor-widget elementor-widget-ha-image-compare happy-addon ha-image-compare\" data-id=\"7802953\" data-element_type=\"widget\" data-e-type=\"widget\" data-widget_type=\"ha-image-compare.default\">\n\t\t\t\t<div class=\"elementor-widget-container\">\n\t\t\t\t\t        <div class=\"twentytwenty-container hajs-image-comparison\" data-happy-settings=\"{&quot;default_offset_pct&quot;:0.5,&quot;orientation&quot;:&quot;horizontal&quot;,&quot;no_overlay&quot;:false,&quot;move_handle&quot;:&quot;on_swipe&quot;,&quot;before_label&quot;:&quot;Vor&quot;,&quot;after_label&quot;:&quot;Nach&quot;}\">\n            <img fetchpriority=\"high\" decoding=\"async\" width=\"2560\" height=\"1829\" src=\"https:\/\/franch-adriaens.com\/wp-content\/uploads\/2022\/08\/Estetica-dental-carillas-pre-tratamiento-min-scaled.jpg\" class=\"elementor-animation-disable-animation attachment-full size-full wp-image-2020\" alt=\"Est\u00e9tica Dental\" srcset=\"https:\/\/franch-adriaens.com\/wp-content\/uploads\/2022\/08\/Estetica-dental-carillas-pre-tratamiento-min-scaled.jpg 2560w, https:\/\/franch-adriaens.com\/wp-content\/uploads\/2022\/08\/Estetica-dental-carillas-pre-tratamiento-min-300x214.jpg 300w, https:\/\/franch-adriaens.com\/wp-content\/uploads\/2022\/08\/Estetica-dental-carillas-pre-tratamiento-min-1024x731.jpg 1024w, https:\/\/franch-adriaens.com\/wp-content\/uploads\/2022\/08\/Estetica-dental-carillas-pre-tratamiento-min-768x549.jpg 768w, https:\/\/franch-adriaens.com\/wp-content\/uploads\/2022\/08\/Estetica-dental-carillas-pre-tratamiento-min-1536x1097.jpg 1536w, https:\/\/franch-adriaens.com\/wp-content\/uploads\/2022\/08\/Estetica-dental-carillas-pre-tratamiento-min-2048x1463.jpg 2048w\" sizes=\"(max-width: 2560px) 100vw, 2560px\" \/><img decoding=\"async\" width=\"2560\" height=\"1829\" src=\"https:\/\/franch-adriaens.com\/wp-content\/uploads\/2022\/08\/Estetica-dentalcarillas-post-tratamiento-min-scaled.jpg\" class=\"elementor-animation-disable-animation attachment-full size-full wp-image-2021\" alt=\"Est\u00e9tica Dental\" srcset=\"https:\/\/franch-adriaens.com\/wp-content\/uploads\/2022\/08\/Estetica-dentalcarillas-post-tratamiento-min-scaled.jpg 2560w, https:\/\/franch-adriaens.com\/wp-content\/uploads\/2022\/08\/Estetica-dentalcarillas-post-tratamiento-min-300x214.jpg 300w, https:\/\/franch-adriaens.com\/wp-content\/uploads\/2022\/08\/Estetica-dentalcarillas-post-tratamiento-min-1024x731.jpg 1024w, https:\/\/franch-adriaens.com\/wp-content\/uploads\/2022\/08\/Estetica-dentalcarillas-post-tratamiento-min-768x549.jpg 768w, https:\/\/franch-adriaens.com\/wp-content\/uploads\/2022\/08\/Estetica-dentalcarillas-post-tratamiento-min-1536x1097.jpg 1536w, https:\/\/franch-adriaens.com\/wp-content\/uploads\/2022\/08\/Estetica-dentalcarillas-post-tratamiento-min-2048x1463.jpg 2048w\" sizes=\"(max-width: 2560px) 100vw, 2560px\" \/>        <\/div>\n        \t\t\t\t<\/div>\n\t\t\t\t<\/div>\n\t\t\t\t\t<\/div>\n\t\t<\/div>\n\t\t\t\t\t<\/div>\n\t\t<\/section>\n\t\t\t\t<section class=\"has_eae_slider elementor-section elementor-top-section elementor-element elementor-element-5325c2e1 elementor-section-boxed elementor-section-height-default elementor-section-height-default\" data-eae-slider=\"54411\" data-id=\"5325c2e1\" data-element_type=\"section\" data-e-type=\"section\" id=\"xs_accor_gradient_color\" data-settings=\"{&quot;background_background&quot;:&quot;classic&quot;,&quot;_ha_eqh_enable&quot;:false}\">\n\t\t\t\t\t\t\t<div class=\"elementor-background-overlay\"><\/div>\n\t\t\t\t\t\t\t<div class=\"elementor-container elementor-column-gap-default\">\n\t\t\t\t\t<div class=\"has_eae_slider elementor-column elementor-col-100 elementor-top-column elementor-element elementor-element-6d3f784\" data-eae-slider=\"28465\" data-id=\"6d3f784\" data-element_type=\"column\" data-e-type=\"column\">\n\t\t\t<div class=\"elementor-widget-wrap elementor-element-populated\">\n\t\t\t\t\t\t<div class=\"elementor-element elementor-element-9bbebec elementor-widget elementor-widget-text-editor\" data-id=\"9bbebec\" data-element_type=\"widget\" data-e-type=\"widget\" data-widget_type=\"text-editor.default\">\n\t\t\t\t<div class=\"elementor-widget-container\">\n\t\t\t\t\t\t\t\t\t<p style=\"text-align: left;\"><b>Zahnveneers: Eine \u00e4sthetische L\u00f6sung zur Verj\u00fcngung Ihres L\u00e4chelns<\/b><\/p>\n<p style=\"text-align: left;\"><span style=\"font-weight: 400;\">Im Bereich der Zahn\u00e4sthetik sind Zahnveneers eine der wirksamsten und beliebtesten Behandlungen. Mit diesen aus hochwertiger Keramik gefertigten Restaurationen k\u00f6nnen Sie die Form, Textur und Farbe der Z\u00e4hne schnell und effektiv ver\u00e4ndern und so f\u00fcr ein verj\u00fcngtes Aussehen sorgen und das nat\u00fcrliche Aussehen wiederherstellen, das aufgrund verschiedener Faktoren verloren gegangen sein k\u00f6nnte. <\/span><\/p>\n<p style=\"text-align: left;\"><span style=\"font-weight: 400;\">Zu den h\u00e4ufigsten Gr\u00fcnden, die dazu f\u00fchren, sich f\u00fcr Veneers zu entscheiden, geh\u00f6ren:<\/span><\/p>\n<ul style=\"text-align: left;\">\n<li style=\"font-weight: 400;\" aria-level=\"1\"><b>Zahnerkrankungen:<\/b><span style=\"font-weight: 400;\"> Erkrankungen, die den Zahnschmelz oder die Zahnstruktur sch\u00e4digen, k\u00f6nnen sich negativ auf die \u00c4sthetik des L\u00e4chelns auswirken.<\/span><\/li>\n<li style=\"font-weight: 400;\" aria-level=\"1\"><b>Trauma:<\/b><span style=\"font-weight: 400;\"> St\u00f6\u00dfe oder Unf\u00e4lle k\u00f6nnen die Z\u00e4hne besch\u00e4digen und ihre Form und ihr Aussehen ver\u00e4ndern.<\/span><\/li>\n<li style=\"font-weight: 400;\" aria-level=\"1\"><b>Nat\u00fcrlicher Verschlei\u00df:<\/b><span style=\"font-weight: 400;\"> Im Laufe der Zeit ist es normal, dass Z\u00e4hne durch den t\u00e4glichen Gebrauch an Glanz und Abnutzung verlieren, was das Selbstvertrauen einer Person beim L\u00e4cheln beeintr\u00e4chtigen kann.<\/span><\/li>\n<\/ul>\n<p style=\"text-align: left;\"><b>Personalisierung im Smile Design<\/b><\/p>\n<p style=\"text-align: left;\"><span style=\"font-weight: 400;\">In der <\/span><b>Klinik Franch-Adriaens<\/b><span style=\"font-weight: 400;\">Wir bieten einen vollst\u00e4ndig personalisierten L\u00e4cheln-Design-Service an, der an die individuellen Merkmale und Bed\u00fcrfnisse jedes Patienten angepasst ist. Unsere Priorit\u00e4t ist es, ein L\u00e4cheln zu schaffen, das nicht nur \u00e4sthetisch ist, sondern auch ein v\u00f6llig nat\u00fcrliches Aussehen beh\u00e4lt und so Ergebnisse erzielt, die sich harmonisch in die \u00fcbrigen Z\u00e4hne einf\u00fcgen. <\/span><\/p>\n<p style=\"text-align: left;\"><span style=\"font-weight: 400;\">Unser umfassender Ansatz stellt sicher, dass beim Furnierdesign Faktoren wie Gesichtsform, Gesichtssymmetrie und Patientenerwartungen ber\u00fccksichtigt werden, um ein L\u00e4cheln zu erzielen, das nicht nur die \u00c4sthetik verbessert, sondern auch die Funktionalit\u00e4t respektiert und Komfort bietet.<\/span><\/p>\n<p style=\"text-align: left;\"><b>Ein Verfahren, das kl\u00e4rt und verj\u00fcngt<\/b><\/p>\n<p style=\"text-align: left;\"><span style=\"font-weight: 400;\">Die Behandlung mit Veneers ver\u00e4ndert nicht nur die Form und Beschaffenheit der Z\u00e4hne, sondern erm\u00f6glicht ihnen auch, mehrere Farbt\u00f6ne aufzuhellen, wodurch das L\u00e4cheln jugendlicher und strahlender erscheint. Die in Veneers verwendete hochwertige Keramik ist nicht nur langlebig, sondern ahmt auch die optischen Eigenschaften des Zahnschmelzes perfekt nach und erzielt so einen Glanz und eine Transluzenz, die das Licht auf nat\u00fcrliche Weise reflektiert. <\/span><\/p>\n<p style=\"text-align: left;\"><b>Vorteile der Behandlung mit Veneers<\/b><\/p>\n<ul style=\"text-align: left;\">\n<li style=\"font-weight: 400;\" aria-level=\"1\"><b>Haltbarkeit:<\/b><span style=\"font-weight: 400;\"> Keramikfurniere sind \u00e4u\u00dferst langlebig und k\u00f6nnen bei richtiger Pflege viele Jahre halten.<\/span><\/li>\n<li style=\"font-weight: 400;\" aria-level=\"1\"><b>\u00c4sthetik:<\/b><span style=\"font-weight: 400;\"> Sie sorgen f\u00fcr ein makelloses Finish, das das Gesamtbild des L\u00e4chelns deutlich verbessert.<\/span><\/li>\n<li style=\"font-weight: 400;\" aria-level=\"1\"><b>Minimalinvasiv:<\/b><span style=\"font-weight: 400;\"> Das Einsetzen von Veneers ist minimalinvasiv und kann in wenigen Sitzungen durchgef\u00fchrt werden.<\/span><\/li>\n<li style=\"font-weight: 400;\" aria-level=\"1\"><b>Vielseitigkeit:<\/b><span style=\"font-weight: 400;\"> Veneers k\u00f6nnen mehrere kosmetische Probleme gleichzeitig korrigieren, wie z. B. Farbe, Form und kleinere Zahnausrichtung.<\/span><\/li>\n<\/ul>\n<p style=\"text-align: left;\"><span style=\"font-weight: 400;\">In der <\/span><b>Klinik Franch-Adriaens<\/b><span style=\"font-weight: 400;\">Unser professionelles Team ist bestrebt, eine qualitativ hochwertige Behandlung anzubieten, die nicht nur das Aussehen Ihres L\u00e4chelns verbessert, sondern auch Ihre Mundgesundheit erh\u00e4lt. Dank unserer Erfahrung und dem Einsatz modernster Technologien in der Zahn\u00e4sthetik ist eine Zahnverj\u00fcngung m\u00f6glich. <\/span><\/p>\n<p style=\"text-align: left;\"><span style=\"font-weight: 400;\">Z\u00f6gern Sie nicht, uns f\u00fcr eine pers\u00f6nliche Beratung zu kontaktieren und herauszufinden, wie wir Ihnen helfen k\u00f6nnen, wieder ein strahlendes und selbstbewusstes L\u00e4cheln zu erlangen.<\/span><\/p>\n\t\t\t\t\t\t\t\t<\/div>\n\t\t\t\t<\/div>\n\t\t\t\t\t<\/div>\n\t\t<\/div>\n\t\t\t\t\t<\/div>\n\t\t<\/section>\n\t\t\t\t<\/div>\n\t\t","protected":false},"excerpt":{"rendered":"<p>Zahn\u00e4sthetik Zahn\u00e4sthetik und die hohen Anspr\u00fcche unserer Patienten zwingen uns zu modernsten und innovativsten Behandlungen. Minimalinvasive Zahnheilkunde, Veneers, effektive Zahnaufhellung und Behandlungen zur Verj\u00fcngung des L\u00e4chelns, um alle Bed\u00fcrfnisse unserer Patienten zu erf\u00fcllen. Zahnveneers: Eine \u00e4sthetische L\u00f6sung zur Verj\u00fcngung Ihres L\u00e4chelns Im Bereich der Zahn\u00e4sthetik sind Zahnveneers eine der wirksamsten und beliebtesten Behandlungen. Mit diesen&#8230;<\/p>\n","protected":false},"author":1,"featured_media":0,"parent":0,"menu_order":0,"comment_status":"closed","ping_status":"closed","template":"","meta":{"_kadence_starter_templates_imported_post":false,"_kad_post_transparent":"","_kad_post_title":"","_kad_post_layout":"","_kad_post_sidebar_id":"","_kad_post_content_style":"","_kad_post_vertical_padding":"","_kad_post_feature":"","_kad_post_feature_position":"","_kad_post_header":false,"_kad_post_footer":false,"_kad_post_classname":"","footnotes":""},"class_list":["post-3487","page","type-page","status-publish","hentry"],"yoast_head":"<!-- This site is optimized with the Yoast SEO plugin v27.3 - https:\/\/yoast.com\/product\/yoast-seo-wordpress\/ -->\n<title>Zahn\u00e4sthetik | Franch-Adriaens Advanced Dentistry<\/title>\n<meta name=\"description\" content=\"In der Klinik Franch-Adriaens bieten wir die fortschrittlichsten und innovativsten Behandlungen f\u00fcr die Zahn\u00e4sthetik an.\" \/>\n<meta name=\"robots\" content=\"index, follow, max-snippet:-1, max-image-preview:large, max-video-preview:-1\" \/>\n<link rel=\"canonical\" href=\"https:\/\/franch-adriaens.com\/de\/zahnaesthetik\/\" \/>\n<meta property=\"og:locale\" content=\"de_DE\" \/>\n<meta property=\"og:type\" content=\"article\" \/>\n<meta property=\"og:title\" content=\"Zahn\u00e4sthetik | Franch-Adriaens Advanced Dentistry\" \/>\n<meta property=\"og:description\" content=\"In der Klinik Franch-Adriaens bieten wir die fortschrittlichsten und innovativsten Behandlungen f\u00fcr die Zahn\u00e4sthetik an.\" \/>\n<meta property=\"og:url\" content=\"https:\/\/franch-adriaens.com\/de\/zahnaesthetik\/\" \/>\n<meta property=\"og:site_name\" content=\"Cl\u00ednica Dental Franch-Adriaens\" \/>\n<meta property=\"article:publisher\" content=\"https:\/\/www.facebook.com\/people\/Clinica-Franch-Adriaens\/100054493027830\/\" \/>\n<meta property=\"article:modified_time\" content=\"2025-01-03T11:27:37+00:00\" \/>\n<meta property=\"og:image\" content=\"https:\/\/franch-adriaens.com\/wp-content\/uploads\/2022\/08\/Estetica-dental-carillas-pre-tratamiento-min-scaled.jpg\" \/>\n\t<meta property=\"og:image:width\" content=\"2560\" \/>\n\t<meta property=\"og:image:height\" content=\"1829\" \/>\n\t<meta property=\"og:image:type\" content=\"image\/jpeg\" \/>\n<meta name=\"twitter:label1\" content=\"Gesch\u00e4tzte Lesezeit\" \/>\n\t<meta name=\"twitter:data1\" content=\"3\u00a0Minuten\" \/>\n<script type=\"application\/ld+json\" class=\"yoast-schema-graph\">{\"@context\":\"https:\\\/\\\/schema.org\",\"@graph\":[{\"@type\":\"WebPage\",\"@id\":\"https:\\\/\\\/franch-adriaens.com\\\/de\\\/zahnaesthetik\\\/\",\"url\":\"https:\\\/\\\/franch-adriaens.com\\\/de\\\/zahnaesthetik\\\/\",\"name\":\"Zahn\u00e4sthetik | Franch-Adriaens Advanced Dentistry\",\"isPartOf\":{\"@id\":\"https:\\\/\\\/franch-adriaens.com\\\/de\\\/#website\"},\"primaryImageOfPage\":{\"@id\":\"https:\\\/\\\/franch-adriaens.com\\\/de\\\/zahnaesthetik\\\/#primaryimage\"},\"image\":{\"@id\":\"https:\\\/\\\/franch-adriaens.com\\\/de\\\/zahnaesthetik\\\/#primaryimage\"},\"thumbnailUrl\":\"https:\\\/\\\/franch-adriaens.com\\\/wp-content\\\/uploads\\\/2022\\\/08\\\/Estetica-dental-carillas-pre-tratamiento-min-scaled.jpg\",\"datePublished\":\"2022-07-11T07:13:33+00:00\",\"dateModified\":\"2025-01-03T11:27:37+00:00\",\"description\":\"In der Klinik Franch-Adriaens bieten wir die fortschrittlichsten und innovativsten Behandlungen f\u00fcr die Zahn\u00e4sthetik an.\",\"breadcrumb\":{\"@id\":\"https:\\\/\\\/franch-adriaens.com\\\/de\\\/zahnaesthetik\\\/#breadcrumb\"},\"inLanguage\":\"de\",\"potentialAction\":[{\"@type\":\"ReadAction\",\"target\":[\"https:\\\/\\\/franch-adriaens.com\\\/de\\\/zahnaesthetik\\\/\"]}]},{\"@type\":\"ImageObject\",\"inLanguage\":\"de\",\"@id\":\"https:\\\/\\\/franch-adriaens.com\\\/de\\\/zahnaesthetik\\\/#primaryimage\",\"url\":\"https:\\\/\\\/franch-adriaens.com\\\/wp-content\\\/uploads\\\/2022\\\/08\\\/Estetica-dental-carillas-pre-tratamiento-min-scaled.jpg\",\"contentUrl\":\"https:\\\/\\\/franch-adriaens.com\\\/wp-content\\\/uploads\\\/2022\\\/08\\\/Estetica-dental-carillas-pre-tratamiento-min-scaled.jpg\"},{\"@type\":\"BreadcrumbList\",\"@id\":\"https:\\\/\\\/franch-adriaens.com\\\/de\\\/zahnaesthetik\\\/#breadcrumb\",\"itemListElement\":[{\"@type\":\"ListItem\",\"position\":1,\"name\":\"Portada\",\"item\":\"https:\\\/\\\/franch-adriaens.com\\\/de\\\/start\\\/\"},{\"@type\":\"ListItem\",\"position\":2,\"name\":\"Zahn\u00e4sthetik\"}]},{\"@type\":\"WebSite\",\"@id\":\"https:\\\/\\\/franch-adriaens.com\\\/de\\\/#website\",\"url\":\"https:\\\/\\\/franch-adriaens.com\\\/de\\\/\",\"name\":\"Clinica dental Franch Adriaens Odontolog\u00eda Avanzada\",\"description\":\"Odontolog\u00eda Avanzada\",\"publisher\":{\"@id\":\"https:\\\/\\\/franch-adriaens.com\\\/de\\\/#organization\"},\"potentialAction\":[{\"@type\":\"SearchAction\",\"target\":{\"@type\":\"EntryPoint\",\"urlTemplate\":\"https:\\\/\\\/franch-adriaens.com\\\/de\\\/?s={search_term_string}\"},\"query-input\":{\"@type\":\"PropertyValueSpecification\",\"valueRequired\":true,\"valueName\":\"search_term_string\"}}],\"inLanguage\":\"de\"},{\"@type\":\"Organization\",\"@id\":\"https:\\\/\\\/franch-adriaens.com\\\/de\\\/#organization\",\"name\":\"Cl\u00ednica Dental Franch-Adriaens\",\"url\":\"https:\\\/\\\/franch-adriaens.com\\\/de\\\/\",\"logo\":{\"@type\":\"ImageObject\",\"inLanguage\":\"de\",\"@id\":\"https:\\\/\\\/franch-adriaens.com\\\/de\\\/#\\\/schema\\\/logo\\\/image\\\/\",\"url\":\"https:\\\/\\\/franch-adriaens.com\\\/wp-content\\\/uploads\\\/2022\\\/07\\\/logo.png\",\"contentUrl\":\"https:\\\/\\\/franch-adriaens.com\\\/wp-content\\\/uploads\\\/2022\\\/07\\\/logo.png\",\"width\":542,\"height\":202,\"caption\":\"Cl\u00ednica Dental Franch-Adriaens\"},\"image\":{\"@id\":\"https:\\\/\\\/franch-adriaens.com\\\/de\\\/#\\\/schema\\\/logo\\\/image\\\/\"},\"sameAs\":[\"https:\\\/\\\/www.facebook.com\\\/people\\\/Clinica-Franch-Adriaens\\\/100054493027830\\\/\"]}]}<\/script>\n<!-- \/ Yoast SEO plugin. -->","yoast_head_json":{"title":"Zahn\u00e4sthetik | Franch-Adriaens Advanced Dentistry","description":"In der Klinik Franch-Adriaens bieten wir die fortschrittlichsten und innovativsten Behandlungen f\u00fcr die Zahn\u00e4sthetik an.","robots":{"index":"index","follow":"follow","max-snippet":"max-snippet:-1","max-image-preview":"max-image-preview:large","max-video-preview":"max-video-preview:-1"},"canonical":"https:\/\/franch-adriaens.com\/de\/zahnaesthetik\/","og_locale":"de_DE","og_type":"article","og_title":"Zahn\u00e4sthetik | Franch-Adriaens Advanced Dentistry","og_description":"In der Klinik Franch-Adriaens bieten wir die fortschrittlichsten und innovativsten Behandlungen f\u00fcr die Zahn\u00e4sthetik an.","og_url":"https:\/\/franch-adriaens.com\/de\/zahnaesthetik\/","og_site_name":"Cl\u00ednica Dental Franch-Adriaens","article_publisher":"https:\/\/www.facebook.com\/people\/Clinica-Franch-Adriaens\/100054493027830\/","article_modified_time":"2025-01-03T11:27:37+00:00","og_image":[{"width":2560,"height":1829,"url":"https:\/\/franch-adriaens.com\/wp-content\/uploads\/2022\/08\/Estetica-dental-carillas-pre-tratamiento-min-scaled.jpg","type":"image\/jpeg"}],"twitter_misc":{"Gesch\u00e4tzte Lesezeit":"3\u00a0Minuten"},"schema":{"@context":"https:\/\/schema.org","@graph":[{"@type":"WebPage","@id":"https:\/\/franch-adriaens.com\/de\/zahnaesthetik\/","url":"https:\/\/franch-adriaens.com\/de\/zahnaesthetik\/","name":"Zahn\u00e4sthetik | Franch-Adriaens Advanced Dentistry","isPartOf":{"@id":"https:\/\/franch-adriaens.com\/de\/#website"},"primaryImageOfPage":{"@id":"https:\/\/franch-adriaens.com\/de\/zahnaesthetik\/#primaryimage"},"image":{"@id":"https:\/\/franch-adriaens.com\/de\/zahnaesthetik\/#primaryimage"},"thumbnailUrl":"https:\/\/franch-adriaens.com\/wp-content\/uploads\/2022\/08\/Estetica-dental-carillas-pre-tratamiento-min-scaled.jpg","datePublished":"2022-07-11T07:13:33+00:00","dateModified":"2025-01-03T11:27:37+00:00","description":"In der Klinik Franch-Adriaens bieten wir die fortschrittlichsten und innovativsten Behandlungen f\u00fcr die Zahn\u00e4sthetik an.","breadcrumb":{"@id":"https:\/\/franch-adriaens.com\/de\/zahnaesthetik\/#breadcrumb"},"inLanguage":"de","potentialAction":[{"@type":"ReadAction","target":["https:\/\/franch-adriaens.com\/de\/zahnaesthetik\/"]}]},{"@type":"ImageObject","inLanguage":"de","@id":"https:\/\/franch-adriaens.com\/de\/zahnaesthetik\/#primaryimage","url":"https:\/\/franch-adriaens.com\/wp-content\/uploads\/2022\/08\/Estetica-dental-carillas-pre-tratamiento-min-scaled.jpg","contentUrl":"https:\/\/franch-adriaens.com\/wp-content\/uploads\/2022\/08\/Estetica-dental-carillas-pre-tratamiento-min-scaled.jpg"},{"@type":"BreadcrumbList","@id":"https:\/\/franch-adriaens.com\/de\/zahnaesthetik\/#breadcrumb","itemListElement":[{"@type":"ListItem","position":1,"name":"Portada","item":"https:\/\/franch-adriaens.com\/de\/start\/"},{"@type":"ListItem","position":2,"name":"Zahn\u00e4sthetik"}]},{"@type":"WebSite","@id":"https:\/\/franch-adriaens.com\/de\/#website","url":"https:\/\/franch-adriaens.com\/de\/","name":"Clinica dental Franch Adriaens Odontolog\u00eda Avanzada","description":"Odontolog\u00eda Avanzada","publisher":{"@id":"https:\/\/franch-adriaens.com\/de\/#organization"},"potentialAction":[{"@type":"SearchAction","target":{"@type":"EntryPoint","urlTemplate":"https:\/\/franch-adriaens.com\/de\/?s={search_term_string}"},"query-input":{"@type":"PropertyValueSpecification","valueRequired":true,"valueName":"search_term_string"}}],"inLanguage":"de"},{"@type":"Organization","@id":"https:\/\/franch-adriaens.com\/de\/#organization","name":"Cl\u00ednica Dental Franch-Adriaens","url":"https:\/\/franch-adriaens.com\/de\/","logo":{"@type":"ImageObject","inLanguage":"de","@id":"https:\/\/franch-adriaens.com\/de\/#\/schema\/logo\/image\/","url":"https:\/\/franch-adriaens.com\/wp-content\/uploads\/2022\/07\/logo.png","contentUrl":"https:\/\/franch-adriaens.com\/wp-content\/uploads\/2022\/07\/logo.png","width":542,"height":202,"caption":"Cl\u00ednica Dental Franch-Adriaens"},"image":{"@id":"https:\/\/franch-adriaens.com\/de\/#\/schema\/logo\/image\/"},"sameAs":["https:\/\/www.facebook.com\/people\/Clinica-Franch-Adriaens\/100054493027830\/"]}]}},"_links":{"self":[{"href":"https:\/\/franch-adriaens.com\/de\/wp-json\/wp\/v2\/pages\/3487","targetHints":{"allow":["GET"]}}],"collection":[{"href":"https:\/\/franch-adriaens.com\/de\/wp-json\/wp\/v2\/pages"}],"about":[{"href":"https:\/\/franch-adriaens.com\/de\/wp-json\/wp\/v2\/types\/page"}],"author":[{"embeddable":true,"href":"https:\/\/franch-adriaens.com\/de\/wp-json\/wp\/v2\/users\/1"}],"replies":[{"embeddable":true,"href":"https:\/\/franch-adriaens.com\/de\/wp-json\/wp\/v2\/comments?post=3487"}],"version-history":[{"count":1,"href":"https:\/\/franch-adriaens.com\/de\/wp-json\/wp\/v2\/pages\/3487\/revisions"}],"predecessor-version":[{"id":3490,"href":"https:\/\/franch-adriaens.com\/de\/wp-json\/wp\/v2\/pages\/3487\/revisions\/3490"}],"wp:attachment":[{"href":"https:\/\/franch-adriaens.com\/de\/wp-json\/wp\/v2\/media?parent=3487"}],"curies":[{"name":"wp","href":"https:\/\/api.w.org\/{rel}","templated":true}]}}