{"id":3448,"date":"2021-10-29T11:01:22","date_gmt":"2021-10-29T11:01:22","guid":{"rendered":"https:\/\/franch-adriaens.com\/einrichtungen\/"},"modified":"2024-12-30T17:38:49","modified_gmt":"2024-12-30T17:38:49","slug":"einrichtungen","status":"publish","type":"page","link":"https:\/\/franch-adriaens.com\/de\/einrichtungen\/","title":{"rendered":"Einrichtungen"},"content":{"rendered":"\t\t<div data-elementor-type=\"wp-page\" data-elementor-id=\"3448\" class=\"elementor elementor-3448 elementor-284\" data-elementor-settings=\"{&quot;ha_cmc_init_switcher&quot;:&quot;no&quot;}\" data-elementor-post-type=\"page\">\n\t\t\t\t\t\t<section class=\"has_eae_slider elementor-section elementor-top-section elementor-element elementor-element-6012164e elementor-section-height-min-height elementor-section-items-stretch elementor-section-boxed elementor-section-height-default elementor-invisible\" data-eae-slider=\"24818\" data-id=\"6012164e\" data-element_type=\"section\" data-e-type=\"section\" data-settings=\"{&quot;animation&quot;:&quot;fadeIn&quot;,&quot;background_background&quot;:&quot;classic&quot;,&quot;_ha_eqh_enable&quot;:false}\">\n\t\t\t\t\t\t\t<div class=\"elementor-background-overlay\"><\/div>\n\t\t\t\t\t\t\t<div class=\"elementor-container elementor-column-gap-default\">\n\t\t\t\t\t<div class=\"has_eae_slider elementor-column elementor-col-100 elementor-top-column elementor-element elementor-element-25294331\" data-eae-slider=\"49146\" data-id=\"25294331\" data-element_type=\"column\" data-e-type=\"column\">\n\t\t\t<div class=\"elementor-widget-wrap elementor-element-populated\">\n\t\t\t\t\t\t<div class=\"elementor-element elementor-element-14398181 elementor-widget elementor-widget-heading\" data-id=\"14398181\" data-element_type=\"widget\" data-e-type=\"widget\" data-widget_type=\"heading.default\">\n\t\t\t\t<div class=\"elementor-widget-container\">\n\t\t\t\t\t<h1 class=\"elementor-heading-title elementor-size-default\">Einrichtungen<\/h1>\t\t\t\t<\/div>\n\t\t\t\t<\/div>\n\t\t\t\t<div class=\"elementor-element elementor-element-2122fd9 elementor-widget-divider--view-line elementor-widget elementor-widget-divider\" data-id=\"2122fd9\" data-element_type=\"widget\" data-e-type=\"widget\" data-widget_type=\"divider.default\">\n\t\t\t\t<div class=\"elementor-widget-container\">\n\t\t\t\t\t\t\t<div class=\"elementor-divider\">\n\t\t\t<span class=\"elementor-divider-separator\">\n\t\t\t\t\t\t<\/span>\n\t\t<\/div>\n\t\t\t\t\t\t<\/div>\n\t\t\t\t<\/div>\n\t\t\t\t\t<\/div>\n\t\t<\/div>\n\t\t\t\t\t<\/div>\n\t\t<\/section>\n\t\t\t\t<section class=\"has_eae_slider elementor-section elementor-top-section elementor-element elementor-element-6263398 elementor-section-boxed elementor-section-height-default elementor-section-height-default\" data-eae-slider=\"29286\" data-id=\"6263398\" data-element_type=\"section\" data-e-type=\"section\" data-settings=\"{&quot;background_background&quot;:&quot;classic&quot;,&quot;_ha_eqh_enable&quot;:false}\">\n\t\t\t\t\t\t<div class=\"elementor-container elementor-column-gap-default\">\n\t\t\t\t\t<div class=\"has_eae_slider elementor-column elementor-col-100 elementor-top-column elementor-element elementor-element-75d3a5a\" data-eae-slider=\"86480\" data-id=\"75d3a5a\" data-element_type=\"column\" data-e-type=\"column\">\n\t\t\t<div class=\"elementor-widget-wrap elementor-element-populated\">\n\t\t\t\t\t\t<div class=\"elementor-element elementor-element-a047699 elementor-widget elementor-widget-heading\" data-id=\"a047699\" data-element_type=\"widget\" data-e-type=\"widget\" data-widget_type=\"heading.default\">\n\t\t\t\t<div class=\"elementor-widget-container\">\n\t\t\t\t\t<p class=\"elementor-heading-title elementor-size-default\">Wir haben unsere Anlagen vollst\u00e4ndig digitalisiert und verf\u00fcgen \u00fcber die fortschrittlichste Technologie auf dem Markt. <\/p>\t\t\t\t<\/div>\n\t\t\t\t<\/div>\n\t\t\t\t\t<\/div>\n\t\t<\/div>\n\t\t\t\t\t<\/div>\n\t\t<\/section>\n\t\t\t\t<section class=\"has_eae_slider elementor-section elementor-top-section elementor-element elementor-element-5f9c84f elementor-section-boxed elementor-section-height-default elementor-section-height-default\" data-eae-slider=\"73733\" data-id=\"5f9c84f\" data-element_type=\"section\" data-e-type=\"section\" data-settings=\"{&quot;_ha_eqh_enable&quot;:false}\">\n\t\t\t\t\t\t<div class=\"elementor-container elementor-column-gap-default\">\n\t\t\t\t\t<div class=\"has_eae_slider elementor-column elementor-col-100 elementor-top-column elementor-element elementor-element-a30af4d\" data-eae-slider=\"99617\" data-id=\"a30af4d\" data-element_type=\"column\" data-e-type=\"column\">\n\t\t\t<div class=\"elementor-widget-wrap elementor-element-populated\">\n\t\t\t\t\t\t<div class=\"elementor-element elementor-element-bd44a4f elementor-widget elementor-widget-text-editor\" data-id=\"bd44a4f\" data-element_type=\"widget\" data-e-type=\"widget\" data-widget_type=\"text-editor.default\">\n\t\t\t\t<div class=\"elementor-widget-container\">\n\t\t\t\t\t\t\t\t\t<p style=\"text-align: center;\">Die Franch-Adriaens-Klinik ist ein internationales Spezialzentrum, das seit mehr als 15 Jahren Zahnmedizin in <a style=\"color: #000000;\" href=\"https:\/\/es.wikipedia.org\/wiki\/Palma_de_Mallorca\"><span style=\"color: #000000;\">Palma de Mallorca<\/span><\/a> praktiziert. Das Design unserer Klinik ist darauf ausgelegt, unseren Patienten ein warmes und angenehmes Erlebnis zu bieten und sich vom \u00fcblichen Bild einer konventionellen Klinik zu entfernen. <\/p>\n<p style=\"text-align: center;\">Liegt im Herzen der Stadt mit einfachem Zugang und Parkm\u00f6glichkeiten. Sie werden von unserem hochqualifizierten Personal betreut, das in mehr als 7 Sprachen kommuniziert, um Ihnen eine angenehme und entspannte Atmosph\u00e4re zu bieten. <\/p>\n\t\t\t\t\t\t\t\t<\/div>\n\t\t\t\t<\/div>\n\t\t\t\t\t<\/div>\n\t\t<\/div>\n\t\t\t\t\t<\/div>\n\t\t<\/section>\n\t\t\t\t<section class=\"has_eae_slider elementor-section elementor-top-section elementor-element elementor-element-5e04d9c elementor-section-boxed elementor-section-height-default elementor-section-height-default\" data-eae-slider=\"2032\" data-id=\"5e04d9c\" data-element_type=\"section\" data-e-type=\"section\" data-settings=\"{&quot;_ha_eqh_enable&quot;:false}\">\n\t\t\t\t\t\t<div class=\"elementor-container elementor-column-gap-default\">\n\t\t\t\t\t<div class=\"has_eae_slider elementor-column elementor-col-100 elementor-top-column elementor-element elementor-element-382a5f6\" data-eae-slider=\"75302\" data-id=\"382a5f6\" data-element_type=\"column\" data-e-type=\"column\">\n\t\t\t<div class=\"elementor-widget-wrap elementor-element-populated\">\n\t\t\t\t\t\t<div class=\"elementor-element elementor-element-e7cc588 elementor-widget elementor-widget-gallery\" data-id=\"e7cc588\" data-element_type=\"widget\" data-e-type=\"widget\" data-settings=\"{&quot;gallery_layout&quot;:&quot;masonry&quot;,&quot;columns&quot;:2,&quot;gap&quot;:{&quot;unit&quot;:&quot;px&quot;,&quot;size&quot;:15,&quot;sizes&quot;:[]},&quot;lazyload&quot;:&quot;yes&quot;,&quot;columns_tablet&quot;:2,&quot;columns_mobile&quot;:1,&quot;gap_tablet&quot;:{&quot;unit&quot;:&quot;px&quot;,&quot;size&quot;:10,&quot;sizes&quot;:[]},&quot;gap_mobile&quot;:{&quot;unit&quot;:&quot;px&quot;,&quot;size&quot;:10,&quot;sizes&quot;:[]},&quot;overlay_background&quot;:&quot;yes&quot;,&quot;content_hover_animation&quot;:&quot;fade-in&quot;}\" data-widget_type=\"gallery.default\">\n\t\t\t\t<div class=\"elementor-widget-container\">\n\t\t\t\t\t\t\t\t<div class=\"elementor-gallery__titles-container e--pointer-underline e--animation-fade\" aria-label=\"Gallery filter\">\n\t\t\t\t\n\t\t\t\t\t\t\t\t\t<a class=\"elementor-item elementor-gallery-title\" role=\"button\" tabindex=\"0\" data-gallery-index=\"0\">\n\t\t\t\t\t\tKlinik\t\t\t\t\t<\/a>\n\t\t\t\t\t\t\t\t\t\t<a class=\"elementor-item elementor-gallery-title\" role=\"button\" tabindex=\"0\" data-gallery-index=\"1\">\n\t\t\t\t\t\tBeratung\t\t\t\t\t<\/a>\n\t\t\t\t\t\t\t\t<\/div>\n\t\t\t\t\t<div class=\"elementor-gallery__container\">\n\t\t\t\t\t\t\t<div class=\"e-gallery-item elementor-gallery-item elementor-animated-content\" data-e-gallery-tags=\"0\">\n\t\t\t\t\t<div class=\"e-gallery-image elementor-gallery-item__image\" data-thumbnail=\"https:\/\/franch-adriaens.com\/wp-content\/uploads\/2022\/07\/instalaciones-14-scaled.jpg\" data-width=\"2560\" data-height=\"1707\" aria-label=\"Instalaciones\" role=\"img\" ><\/div>\n\t\t\t\t\t\t\t\t\t\t\t<div class=\"elementor-gallery-item__overlay\"><\/div>\n\t\t\t\t\t\t\t\t\t\t\t\t\t\t<\/div>\n\t\t\t\t\t\t\t<div class=\"e-gallery-item elementor-gallery-item elementor-animated-content\" data-e-gallery-tags=\"0\">\n\t\t\t\t\t<div class=\"e-gallery-image elementor-gallery-item__image\" data-thumbnail=\"https:\/\/franch-adriaens.com\/wp-content\/uploads\/2022\/07\/instalaciones-13-1-scaled.jpg\" data-width=\"2560\" data-height=\"1707\" aria-label=\"Instalaciones\" role=\"img\" ><\/div>\n\t\t\t\t\t\t\t\t\t\t\t<div class=\"elementor-gallery-item__overlay\"><\/div>\n\t\t\t\t\t\t\t\t\t\t\t\t\t\t<\/div>\n\t\t\t\t\t\t\t<div class=\"e-gallery-item elementor-gallery-item elementor-animated-content\" data-e-gallery-tags=\"0\">\n\t\t\t\t\t<div class=\"e-gallery-image elementor-gallery-item__image\" data-thumbnail=\"https:\/\/franch-adriaens.com\/wp-content\/uploads\/2022\/07\/instalaciones-8-scaled.jpg\" data-width=\"2560\" data-height=\"1707\" aria-label=\"Instalaciones\" role=\"img\" ><\/div>\n\t\t\t\t\t\t\t\t\t\t\t<div class=\"elementor-gallery-item__overlay\"><\/div>\n\t\t\t\t\t\t\t\t\t\t\t\t\t\t<\/div>\n\t\t\t\t\t\t\t<div class=\"e-gallery-item elementor-gallery-item elementor-animated-content\" data-e-gallery-tags=\"0\">\n\t\t\t\t\t<div class=\"e-gallery-image elementor-gallery-item__image\" data-thumbnail=\"https:\/\/franch-adriaens.com\/wp-content\/uploads\/2022\/07\/instalaciones-5-scaled.jpg\" data-width=\"2560\" data-height=\"1707\" aria-label=\"Instalaciones\" role=\"img\" ><\/div>\n\t\t\t\t\t\t\t\t\t\t\t<div class=\"elementor-gallery-item__overlay\"><\/div>\n\t\t\t\t\t\t\t\t\t\t\t\t\t\t<\/div>\n\t\t\t\t\t\t\t<div class=\"e-gallery-item elementor-gallery-item elementor-animated-content\" data-e-gallery-tags=\"0\">\n\t\t\t\t\t<div class=\"e-gallery-image elementor-gallery-item__image\" data-thumbnail=\"https:\/\/franch-adriaens.com\/wp-content\/uploads\/2022\/07\/instalaciones-7-scaled.jpg\" data-width=\"2560\" data-height=\"1635\" aria-label=\"Instalaciones\" role=\"img\" ><\/div>\n\t\t\t\t\t\t\t\t\t\t\t<div class=\"elementor-gallery-item__overlay\"><\/div>\n\t\t\t\t\t\t\t\t\t\t\t\t\t\t<\/div>\n\t\t\t\t\t\t\t<div class=\"e-gallery-item elementor-gallery-item elementor-animated-content\" data-e-gallery-tags=\"0\">\n\t\t\t\t\t<div class=\"e-gallery-image elementor-gallery-item__image\" data-thumbnail=\"https:\/\/franch-adriaens.com\/wp-content\/uploads\/2022\/07\/falta-esta-scaled.jpg\" data-width=\"2560\" data-height=\"1645\" aria-label=\"Consultorio French-Adriaens\" role=\"img\" ><\/div>\n\t\t\t\t\t\t\t\t\t\t\t<div class=\"elementor-gallery-item__overlay\"><\/div>\n\t\t\t\t\t\t\t\t\t\t\t\t\t\t<\/div>\n\t\t\t\t\t\t\t<div class=\"e-gallery-item elementor-gallery-item elementor-animated-content\" data-e-gallery-tags=\"1\">\n\t\t\t\t\t<div class=\"e-gallery-image elementor-gallery-item__image\" data-thumbnail=\"https:\/\/franch-adriaens.com\/wp-content\/uploads\/2022\/07\/instalaciones-21-scaled.jpg\" data-width=\"2560\" data-height=\"1707\" aria-label=\"Instalaciones\" role=\"img\" ><\/div>\n\t\t\t\t\t\t\t\t\t\t\t<div class=\"elementor-gallery-item__overlay\"><\/div>\n\t\t\t\t\t\t\t\t\t\t\t\t\t\t<\/div>\n\t\t\t\t\t\t\t<div class=\"e-gallery-item elementor-gallery-item elementor-animated-content\" data-e-gallery-tags=\"1\">\n\t\t\t\t\t<div class=\"e-gallery-image elementor-gallery-item__image\" data-thumbnail=\"https:\/\/franch-adriaens.com\/wp-content\/uploads\/2022\/07\/instalaciones-18-scaled.jpg\" data-width=\"1707\" data-height=\"2560\" aria-label=\"Instalaciones Franch-Adriaens\" role=\"img\" ><\/div>\n\t\t\t\t\t\t\t\t\t\t\t<div class=\"elementor-gallery-item__overlay\"><\/div>\n\t\t\t\t\t\t\t\t\t\t\t\t\t\t<\/div>\n\t\t\t\t\t\t\t<div class=\"e-gallery-item elementor-gallery-item elementor-animated-content\" data-e-gallery-tags=\"1\">\n\t\t\t\t\t<div class=\"e-gallery-image elementor-gallery-item__image\" data-thumbnail=\"https:\/\/franch-adriaens.com\/wp-content\/uploads\/2022\/07\/instalaciones-16-scaled.jpg\" data-width=\"1707\" data-height=\"2560\" aria-label=\"Instalaciones Franch-Adriaens\" role=\"img\" ><\/div>\n\t\t\t\t\t\t\t\t\t\t\t<div class=\"elementor-gallery-item__overlay\"><\/div>\n\t\t\t\t\t\t\t\t\t\t\t\t\t\t<\/div>\n\t\t\t\t\t\t\t<div class=\"e-gallery-item elementor-gallery-item elementor-animated-content\" data-e-gallery-tags=\"1\">\n\t\t\t\t\t<div class=\"e-gallery-image elementor-gallery-item__image\" data-thumbnail=\"https:\/\/franch-adriaens.com\/wp-content\/uploads\/2022\/07\/instalaciones-11-1-scaled.jpg\" data-width=\"1707\" data-height=\"2560\" aria-label=\"Ba\u00f1o cl\u00ednica\" role=\"img\" ><\/div>\n\t\t\t\t\t\t\t\t\t\t\t<div class=\"elementor-gallery-item__overlay\"><\/div>\n\t\t\t\t\t\t\t\t\t\t\t\t\t\t<\/div>\n\t\t\t\t\t\t\t<div class=\"e-gallery-item elementor-gallery-item elementor-animated-content\" data-e-gallery-tags=\"1\">\n\t\t\t\t\t<div class=\"e-gallery-image elementor-gallery-item__image\" data-thumbnail=\"https:\/\/franch-adriaens.com\/wp-content\/uploads\/2022\/07\/falta-esta-2-scaled.jpg\" data-width=\"2560\" data-height=\"1707\" aria-label=\"Instalaciones French-Adriaens\" role=\"img\" ><\/div>\n\t\t\t\t\t\t\t\t\t\t\t<div class=\"elementor-gallery-item__overlay\"><\/div>\n\t\t\t\t\t\t\t\t\t\t\t\t\t\t<\/div>\n\t\t\t\t\t<\/div>\n\t\t\t\t\t<\/div>\n\t\t\t\t<\/div>\n\t\t\t\t\t<\/div>\n\t\t<\/div>\n\t\t\t\t\t<\/div>\n\t\t<\/section>\n\t\t\t\t<\/div>\n\t\t","protected":false},"excerpt":{"rendered":"<p>Einrichtungen Wir haben unsere Anlagen vollst\u00e4ndig digitalisiert und verf\u00fcgen \u00fcber die fortschrittlichste Technologie auf dem Markt. Die Franch-Adriaens-Klinik ist ein internationales Spezialzentrum, das seit mehr als 15 Jahren Zahnmedizin in Palma de Mallorca praktiziert. Das Design unserer Klinik ist darauf ausgelegt, unseren Patienten ein warmes und angenehmes Erlebnis zu bieten und sich vom \u00fcblichen Bild&#8230;<\/p>\n","protected":false},"author":1,"featured_media":0,"parent":0,"menu_order":0,"comment_status":"closed","ping_status":"closed","template":"","meta":{"_kadence_starter_templates_imported_post":false,"_kad_post_transparent":"","_kad_post_title":"","_kad_post_layout":"","_kad_post_sidebar_id":"","_kad_post_content_style":"","_kad_post_vertical_padding":"","_kad_post_feature":"","_kad_post_feature_position":"","_kad_post_header":false,"_kad_post_footer":false,"_kad_post_classname":"","footnotes":""},"class_list":["post-3448","page","type-page","status-publish","hentry"],"yoast_head":"<!-- This site is optimized with the Yoast SEO plugin v27.6 - https:\/\/yoast.com\/product\/yoast-seo-wordpress\/ -->\n<title>Einrichtungen | Franch-Adriaens Advanced Dentistry<\/title>\n<meta name=\"description\" content=\"In der Franch-Adriaens-Klinik verf\u00fcgen wir \u00fcber moderne Einrichtungen im Herzen von Palma mit einfachem Zugang und Parkm\u00f6glichkeiten.\" \/>\n<meta name=\"robots\" content=\"index, follow, max-snippet:-1, max-image-preview:large, max-video-preview:-1\" \/>\n<link rel=\"canonical\" href=\"https:\/\/franch-adriaens.com\/de\/einrichtungen\/\" \/>\n<meta property=\"og:locale\" content=\"de_DE\" \/>\n<meta property=\"og:type\" content=\"article\" \/>\n<meta property=\"og:title\" content=\"Zahnklinik Franch-Adriaens | Lernen Sie unser internationales Fachzentrum kennen\" \/>\n<meta property=\"og:description\" content=\"Die Franch-Adriaens-Klinik ist ein internationales Spezialzentrum, das seit mehr als 15 Jahren Zahnmedizin in Palma de Mallorca praktiziert. Das Design unserer Klinik ist darauf ausgelegt, unseren Patienten ein warmes und angenehmes Erlebnis zu bieten und sich vom \u00fcblichen Bild einer konventionellen Klinik zu entfernen.\" \/>\n<meta property=\"og:url\" content=\"https:\/\/franch-adriaens.com\/de\/einrichtungen\/\" \/>\n<meta property=\"og:site_name\" content=\"Cl\u00ednica Dental Franch-Adriaens\" \/>\n<meta property=\"article:publisher\" content=\"https:\/\/www.facebook.com\/people\/Clinica-Franch-Adriaens\/100054493027830\/\" \/>\n<meta property=\"article:modified_time\" content=\"2024-12-30T17:38:49+00:00\" \/>\n<meta property=\"og:image\" content=\"https:\/\/franch-adriaens.com\/wp-content\/uploads\/2022\/07\/instalaciones-7-1024x654.jpg\" \/>\n<script type=\"application\/ld+json\" class=\"yoast-schema-graph\">{\"@context\":\"https:\\\/\\\/schema.org\",\"@graph\":[{\"@type\":\"WebPage\",\"@id\":\"https:\\\/\\\/franch-adriaens.com\\\/de\\\/einrichtungen\\\/\",\"url\":\"https:\\\/\\\/franch-adriaens.com\\\/de\\\/einrichtungen\\\/\",\"name\":\"Einrichtungen | Franch-Adriaens Advanced Dentistry\",\"isPartOf\":{\"@id\":\"https:\\\/\\\/franch-adriaens.com\\\/de\\\/#website\"},\"datePublished\":\"2021-10-29T11:01:22+00:00\",\"dateModified\":\"2024-12-30T17:38:49+00:00\",\"description\":\"In der Franch-Adriaens-Klinik verf\u00fcgen wir \u00fcber moderne Einrichtungen im Herzen von Palma mit einfachem Zugang und Parkm\u00f6glichkeiten.\",\"breadcrumb\":{\"@id\":\"https:\\\/\\\/franch-adriaens.com\\\/de\\\/einrichtungen\\\/#breadcrumb\"},\"inLanguage\":\"de\",\"potentialAction\":[{\"@type\":\"ReadAction\",\"target\":[\"https:\\\/\\\/franch-adriaens.com\\\/de\\\/einrichtungen\\\/\"]}]},{\"@type\":\"BreadcrumbList\",\"@id\":\"https:\\\/\\\/franch-adriaens.com\\\/de\\\/einrichtungen\\\/#breadcrumb\",\"itemListElement\":[{\"@type\":\"ListItem\",\"position\":1,\"name\":\"Portada\",\"item\":\"https:\\\/\\\/franch-adriaens.com\\\/de\\\/start\\\/\"},{\"@type\":\"ListItem\",\"position\":2,\"name\":\"Einrichtungen\"}]},{\"@type\":\"WebSite\",\"@id\":\"https:\\\/\\\/franch-adriaens.com\\\/de\\\/#website\",\"url\":\"https:\\\/\\\/franch-adriaens.com\\\/de\\\/\",\"name\":\"Clinica dental Franch Adriaens Odontolog\u00eda Avanzada\",\"description\":\"Odontolog\u00eda Avanzada\",\"publisher\":{\"@id\":\"https:\\\/\\\/franch-adriaens.com\\\/de\\\/#organization\"},\"potentialAction\":[{\"@type\":\"SearchAction\",\"target\":{\"@type\":\"EntryPoint\",\"urlTemplate\":\"https:\\\/\\\/franch-adriaens.com\\\/de\\\/?s={search_term_string}\"},\"query-input\":{\"@type\":\"PropertyValueSpecification\",\"valueRequired\":true,\"valueName\":\"search_term_string\"}}],\"inLanguage\":\"de\"},{\"@type\":\"Organization\",\"@id\":\"https:\\\/\\\/franch-adriaens.com\\\/de\\\/#organization\",\"name\":\"Cl\u00ednica Dental Franch-Adriaens\",\"url\":\"https:\\\/\\\/franch-adriaens.com\\\/de\\\/\",\"logo\":{\"@type\":\"ImageObject\",\"inLanguage\":\"de\",\"@id\":\"https:\\\/\\\/franch-adriaens.com\\\/de\\\/#\\\/schema\\\/logo\\\/image\\\/\",\"url\":\"https:\\\/\\\/franch-adriaens.com\\\/wp-content\\\/uploads\\\/2022\\\/07\\\/logo.png\",\"contentUrl\":\"https:\\\/\\\/franch-adriaens.com\\\/wp-content\\\/uploads\\\/2022\\\/07\\\/logo.png\",\"width\":542,\"height\":202,\"caption\":\"Cl\u00ednica Dental Franch-Adriaens\"},\"image\":{\"@id\":\"https:\\\/\\\/franch-adriaens.com\\\/de\\\/#\\\/schema\\\/logo\\\/image\\\/\"},\"sameAs\":[\"https:\\\/\\\/www.facebook.com\\\/people\\\/Clinica-Franch-Adriaens\\\/100054493027830\\\/\"]}]}<\/script>\n<!-- \/ Yoast SEO plugin. -->","yoast_head_json":{"title":"Einrichtungen | Franch-Adriaens Advanced Dentistry","description":"In der Franch-Adriaens-Klinik verf\u00fcgen wir \u00fcber moderne Einrichtungen im Herzen von Palma mit einfachem Zugang und Parkm\u00f6glichkeiten.","robots":{"index":"index","follow":"follow","max-snippet":"max-snippet:-1","max-image-preview":"max-image-preview:large","max-video-preview":"max-video-preview:-1"},"canonical":"https:\/\/franch-adriaens.com\/de\/einrichtungen\/","og_locale":"de_DE","og_type":"article","og_title":"Zahnklinik Franch-Adriaens | Lernen Sie unser internationales Fachzentrum kennen","og_description":"Die Franch-Adriaens-Klinik ist ein internationales Spezialzentrum, das seit mehr als 15 Jahren Zahnmedizin in Palma de Mallorca praktiziert. Das Design unserer Klinik ist darauf ausgelegt, unseren Patienten ein warmes und angenehmes Erlebnis zu bieten und sich vom \u00fcblichen Bild einer konventionellen Klinik zu entfernen.","og_url":"https:\/\/franch-adriaens.com\/de\/einrichtungen\/","og_site_name":"Cl\u00ednica Dental Franch-Adriaens","article_publisher":"https:\/\/www.facebook.com\/people\/Clinica-Franch-Adriaens\/100054493027830\/","article_modified_time":"2024-12-30T17:38:49+00:00","og_image":[{"url":"https:\/\/franch-adriaens.com\/wp-content\/uploads\/2022\/07\/instalaciones-7-1024x654.jpg","type":"","width":"","height":""}],"schema":{"@context":"https:\/\/schema.org","@graph":[{"@type":"WebPage","@id":"https:\/\/franch-adriaens.com\/de\/einrichtungen\/","url":"https:\/\/franch-adriaens.com\/de\/einrichtungen\/","name":"Einrichtungen | Franch-Adriaens Advanced Dentistry","isPartOf":{"@id":"https:\/\/franch-adriaens.com\/de\/#website"},"datePublished":"2021-10-29T11:01:22+00:00","dateModified":"2024-12-30T17:38:49+00:00","description":"In der Franch-Adriaens-Klinik verf\u00fcgen wir \u00fcber moderne Einrichtungen im Herzen von Palma mit einfachem Zugang und Parkm\u00f6glichkeiten.","breadcrumb":{"@id":"https:\/\/franch-adriaens.com\/de\/einrichtungen\/#breadcrumb"},"inLanguage":"de","potentialAction":[{"@type":"ReadAction","target":["https:\/\/franch-adriaens.com\/de\/einrichtungen\/"]}]},{"@type":"BreadcrumbList","@id":"https:\/\/franch-adriaens.com\/de\/einrichtungen\/#breadcrumb","itemListElement":[{"@type":"ListItem","position":1,"name":"Portada","item":"https:\/\/franch-adriaens.com\/de\/start\/"},{"@type":"ListItem","position":2,"name":"Einrichtungen"}]},{"@type":"WebSite","@id":"https:\/\/franch-adriaens.com\/de\/#website","url":"https:\/\/franch-adriaens.com\/de\/","name":"Clinica dental Franch Adriaens Odontolog\u00eda Avanzada","description":"Odontolog\u00eda Avanzada","publisher":{"@id":"https:\/\/franch-adriaens.com\/de\/#organization"},"potentialAction":[{"@type":"SearchAction","target":{"@type":"EntryPoint","urlTemplate":"https:\/\/franch-adriaens.com\/de\/?s={search_term_string}"},"query-input":{"@type":"PropertyValueSpecification","valueRequired":true,"valueName":"search_term_string"}}],"inLanguage":"de"},{"@type":"Organization","@id":"https:\/\/franch-adriaens.com\/de\/#organization","name":"Cl\u00ednica Dental Franch-Adriaens","url":"https:\/\/franch-adriaens.com\/de\/","logo":{"@type":"ImageObject","inLanguage":"de","@id":"https:\/\/franch-adriaens.com\/de\/#\/schema\/logo\/image\/","url":"https:\/\/franch-adriaens.com\/wp-content\/uploads\/2022\/07\/logo.png","contentUrl":"https:\/\/franch-adriaens.com\/wp-content\/uploads\/2022\/07\/logo.png","width":542,"height":202,"caption":"Cl\u00ednica Dental Franch-Adriaens"},"image":{"@id":"https:\/\/franch-adriaens.com\/de\/#\/schema\/logo\/image\/"},"sameAs":["https:\/\/www.facebook.com\/people\/Clinica-Franch-Adriaens\/100054493027830\/"]}]}},"_links":{"self":[{"href":"https:\/\/franch-adriaens.com\/de\/wp-json\/wp\/v2\/pages\/3448","targetHints":{"allow":["GET"]}}],"collection":[{"href":"https:\/\/franch-adriaens.com\/de\/wp-json\/wp\/v2\/pages"}],"about":[{"href":"https:\/\/franch-adriaens.com\/de\/wp-json\/wp\/v2\/types\/page"}],"author":[{"embeddable":true,"href":"https:\/\/franch-adriaens.com\/de\/wp-json\/wp\/v2\/users\/1"}],"replies":[{"embeddable":true,"href":"https:\/\/franch-adriaens.com\/de\/wp-json\/wp\/v2\/comments?post=3448"}],"version-history":[{"count":1,"href":"https:\/\/franch-adriaens.com\/de\/wp-json\/wp\/v2\/pages\/3448\/revisions"}],"predecessor-version":[{"id":3449,"href":"https:\/\/franch-adriaens.com\/de\/wp-json\/wp\/v2\/pages\/3448\/revisions\/3449"}],"wp:attachment":[{"href":"https:\/\/franch-adriaens.com\/de\/wp-json\/wp\/v2\/media?parent=3448"}],"curies":[{"name":"wp","href":"https:\/\/api.w.org\/{rel}","templated":true}]}}