{"id":3356,"date":"2021-10-13T10:29:07","date_gmt":"2021-10-13T10:29:07","guid":{"rendered":"https:\/\/franch-adriaens.com\/impressum\/"},"modified":"2024-12-30T15:54:17","modified_gmt":"2024-12-30T15:54:17","slug":"impressum","status":"publish","type":"page","link":"https:\/\/franch-adriaens.com\/de\/impressum\/","title":{"rendered":"Impressum"},"content":{"rendered":"\t\t<div data-elementor-type=\"wp-page\" data-elementor-id=\"3356\" class=\"elementor elementor-3356 elementor-3\" data-elementor-settings=\"{&quot;ha_cmc_init_switcher&quot;:&quot;no&quot;}\" data-elementor-post-type=\"page\">\n\t\t\t\t\t\t<section class=\"has_eae_slider elementor-section elementor-top-section elementor-element elementor-element-6ce37097 elementor-section-boxed elementor-section-height-default elementor-section-height-default\" data-eae-slider=\"42672\" data-id=\"6ce37097\" data-element_type=\"section\" data-e-type=\"section\" data-settings=\"{&quot;_ha_eqh_enable&quot;:false}\">\n\t\t\t\t\t\t<div class=\"elementor-container elementor-column-gap-default\">\n\t\t\t\t\t<div class=\"has_eae_slider elementor-column elementor-col-100 elementor-top-column elementor-element elementor-element-527b71cd\" data-eae-slider=\"88029\" data-id=\"527b71cd\" data-element_type=\"column\" data-e-type=\"column\">\n\t\t\t<div class=\"elementor-widget-wrap elementor-element-populated\">\n\t\t\t\t\t\t<div class=\"elementor-element elementor-element-3e810d07 elementor-widget elementor-widget-text-editor\" data-id=\"3e810d07\" data-element_type=\"widget\" data-e-type=\"widget\" data-widget_type=\"text-editor.default\">\n\t\t\t\t<div class=\"elementor-widget-container\">\n\t\t\t\t\t\t\t\t\t\n<p><strong><u>IMPRESSUM DER <a href=\"https:\/\/franch-adriaens.com\/de\/\">KLINIK FRANCH-ADRIAENS<\/a><\/u><\/strong><\/p>\n<ol>\n<li><strong>IDENTIFIKATIONSDATEN: <\/strong><\/li>\n<\/ol>\n<p>In Erf\u00fcllung der Informationspflicht gem\u00e4\u00df Artikel 10 des <a href=\"https:\/\/www.boe.es\/buscar\/act.php?id=BOE-A-2002-13758\">Gesetzes 34\/2002<\/a> vom 11. Juli \u00fcber Dienstleistungen der Informationsgesellschaft und des elektronischen Gesch\u00e4ftsverkehrs (LSSICE) informiert der EIGENT\u00dcMER DER WEBSITE \u00fcber Folgendes:<\/p>\n<ul>\n<li>Unternehmensbezeichnung: Instituto Balear de Implantolog\u00eda y Periodoncia S.L.<\/li>\n<li>CIF: B57581563<\/li>\n<li>Domiziliere: Pasaje de Joan XXIII nr 6 entresuelo 1-2\u00aa, 07002 Palma de Mallorca<\/li>\n<li>Eingetragen im Handelsregister von: Palma de Mallorca<\/li>\n<li>Telefon: 971 72 99 72<\/li>\n<li>E-Mail: info@clinica-ibip.com<\/li>\n<li>Kontakt DPO: delegadopd@stericycle.com<\/li>\n<li>Verwaltungsgenehmigung: RXPM-1836 (Industrie)<\/li>\n<li>Zugelassene \u00c4rzte: Dr. Fernando Franch (Spalte 833) Dr. Laurence Adriaens (Spalte 852) <\/li>\n<\/ul>\n<ol start=\"2\">\n<li><strong>NUTZUNG DES PORTALS: <\/strong><\/li>\n<\/ol>\n<p>Die Website und ihre Dienste sind frei zug\u00e4nglich. Um jedoch die Zwecke einiger der vom EIGENT\u00dcMER DER WEBSITE angebotenen Dienste zu erf\u00fcllen, muss der Benutzer zuvor das entsprechende Formular ausf\u00fcllen. Wenn die erforderlichen Daten nicht oder nicht korrekt bereitgestellt werden, k\u00f6nnen die Anfragen daher nicht erf\u00fcllt werden, unbeschadet der Tatsache, dass Sie den Inhalt der Website frei einsehen k\u00f6nnen. <\/p>\n<ol start=\"3\">\n<li><strong>BENUTZER: <\/strong><\/li>\n<\/ol>\n<p>Der Zugriff auf und\/oder die Nutzung dieses Portals stellt die Bedingung dar, dass der BENUTZER mit diesem Zugriff und\/oder der Nutzung die hier aufgef\u00fchrten Allgemeinen Nutzungsbedingungen akzeptiert. Die vorstehenden Bedingungen gelten unabh\u00e4ngig von den gegebenenfalls zwingenden Allgemeinen Vertragsbedingungen. Der Benutzer:  <\/p>\n<ul>\n<li>Sie garantieren, dass Sie die Dritten, denen Sie Ihre Daten \u00fcbermitteln, wenn Sie dies tun, \u00fcber die in diesem Dokument enthaltenen Aspekte informiert haben. Ebenso garantieren Sie, dass Sie die Genehmigung erhalten haben, Ihre Daten dem EIGENT\u00dcMER DER WEBSITE f\u00fcr die angegebenen Zwecke zur Verf\u00fcgung zu stellen. <\/li>\n<li>Sie haften f\u00fcr alle falschen oder ungenauen Informationen, die \u00fcber die Website bereitgestellt werden, sowie f\u00fcr alle direkten oder indirekten Sch\u00e4den, die dadurch dem EIGENT\u00dcMER DER WEBSITE oder Dritten entstehen.<\/li>\n<\/ul>\n<ol start=\"4\">\n<li><strong>GEISTIGES UND INDUSTRIELLES EIGENTUM: <\/strong><\/li>\n<\/ol>\n<p>Der EIGENT\u00dcMER DER WEBSITE ist allein oder als Rechtsnachfolger Eigent\u00fcmer aller geistigen und gewerblichen Eigentumsrechte seiner Website sowie der darin enthaltenen Elemente (z. B. Bilder, Ton, Audio, Video, Software). oder Texte; Marken oder Logos, Farbkombinationen, Struktur und Design, Auswahl der verwendeten Materialien, f\u00fcr den Betrieb erforderliche Computerprogramme, Zugriff und Nutzung usw.), Eigentum des EIGENT\u00dcMERS DER WEBSITE oder seiner Lizenzgeber. Alle Rechte vorbehalten. Gem\u00e4\u00df den Bestimmungen der Artikel 8 und 32.1 zweiter Absatz des Gesetzes \u00fcber geistiges Eigentum ist die Vervielf\u00e4ltigung, Verbreitung und \u00f6ffentliche Kommunikation, einschlie\u00dflich der Art ihrer Zug\u00e4nglichmachung, aller oder eines Teils der Inhalte dieser Website f\u00fcr kommerzielle Zwecke gestattet , auf jedem Medium und mit allen technischen Mitteln, ohne die Genehmigung des EIGENT\u00dcMERS DER WEBSITE. Der NUTZER verpflichtet sich, die geistigen und gewerblichen Eigentumsrechte des EIGENT\u00dcMERS DER WEBSITE zu respektieren. Sie d\u00fcrfen die Elemente des Portals ansehen und sie sogar ausdrucken, kopieren und auf der Festplatte Ihres Computers oder einem anderen physischen Medium speichern, sofern dies ausschlie\u00dflich f\u00fcr Ihren pers\u00f6nlichen und privaten Gebrauch bestimmt ist. Der NUTZER darf keine Schutzvorrichtungen oder Sicherheitssysteme, die auf den Seiten des EIGENT\u00dcMERS DER WEBSITE installiert wurden, l\u00f6schen, ver\u00e4ndern, umgehen oder manipulieren.     <\/p>\n<ol start=\"5\">\n<li><strong>GEW\u00c4HRLEISTUNGS- UND HAFTUNGSAUSSCHLUSS: <\/strong><\/li>\n<\/ol>\n<p>Der EIGENT\u00dcMER DER WEBSITE haftet in keinem Fall f\u00fcr Sch\u00e4den jeglicher Art, die beispielsweise durch Fehler oder Auslassungen im Inhalt, mangelnde Verf\u00fcgbarkeit des Portals oder die \u00dcbertragung von Viren oder Schadprogrammen entstehen k\u00f6nnen. oder sch\u00e4dlich f\u00fcr den Inhalt sein, obwohl alle notwendigen technischen Ma\u00dfnahmen ergriffen wurden, um dies zu verhindern.<\/p>\n<ol start=\"6\">\n<li><strong>\u00c4NDERUNGEN: <\/strong><\/li>\n<\/ol>\n<p>Der EIGENT\u00dcMER DER WEBSITE beh\u00e4lt sich das Recht vor, ohne vorherige Ank\u00fcndigung alle \u00c4nderungen vorzunehmen, die er f\u00fcr angemessen h\u00e4lt, und kann sowohl die \u00fcber das Portal bereitgestellten Inhalte und Dienste als auch die Art und Weise, wie sie angezeigt oder angezeigt werden, \u00e4ndern, l\u00f6schen oder hinzuf\u00fcgen auf Ihrem Portal.<\/p>\n<ol start=\"7\">\n<li><strong>LINKS: <\/strong><\/li>\n<\/ol>\n<p>F\u00fcr den Fall, dass das Portal Links oder Hyperlinks zu anderen Internetseiten enth\u00e4lt, \u00fcbt der EIGENT\u00dcMER DER WEBSITE keinerlei Kontrolle \u00fcber diese Websites und Inhalte aus. In keinem Fall \u00fcbernimmt der EIGENT\u00dcMER DER WEBSITE die Verantwortung f\u00fcr den Inhalt eines Links, der zu einer Website Dritter geh\u00f6rt, noch \u00fcbernimmt er eine Garantie f\u00fcr die technische Verf\u00fcgbarkeit, Qualit\u00e4t, Zuverl\u00e4ssigkeit, Genauigkeit, Breite, Wahrhaftigkeit, G\u00fcltigkeit und Verfassungsm\u00e4\u00dfigkeit jeglichen Materials oder Informationen, die in einem der genannten Hyperlinks oder anderen Internetseiten enthalten sind. Ebenso bedeutet die Einbeziehung dieser externen Verbindungen keinerlei Verbindung, Fusion oder Beteiligung mit den verbundenen Unternehmen.  <\/p>\n<ol start=\"8\">\n<li><strong>AUSSCHLUSSRECHT: <\/strong><\/li>\n<\/ol>\n<p>Der EIGENT\u00dcMER DER WEBSITE beh\u00e4lt sich das Recht vor, Nutzern, die diese Allgemeinen Nutzungsbedingungen nicht einhalten, den Zugang zum Portal und\/oder den angebotenen Diensten ohne vorherige Ank\u00fcndigung auf eigenen Wunsch oder den eines Dritten zu verweigern oder zu entziehen .<\/p>\n<ol start=\"9\">\n<li><strong>ALLGEMEINES: <\/strong><\/li>\n<\/ol>\n<p>Der EIGENT\u00dcMER DER WEBSITE wird die Nichteinhaltung dieser Bedingungen sowie jede missbr\u00e4uchliche Nutzung seines Portals mit allen zivil- und strafrechtlichen Ma\u00dfnahmen verfolgen, die ihm gesetzlich zustehen.<\/p>\n<ol start=\"10\">\n<li><strong>\u00c4NDERUNG DIESER BEDINGUNGEN UND DAUER: <\/strong><\/li>\n<\/ol>\n<p>Der EIGENT\u00dcMER DER WEBSITE kann die Bedingungen des hier festgelegten rechtlichen Hinweises jederzeit \u00e4ndern und diese ordnungsgem\u00e4\u00df in der hier erscheinenden Form ver\u00f6ffentlichen. Die G\u00fcltigkeit der oben genannten Bedingungen h\u00e4ngt von ihrer Offenlegung ab und bleibt in Kraft, bis sie von anderen ordnungsgem\u00e4\u00df ver\u00f6ffentlichten ge\u00e4ndert werden. <\/p>\n\t\t\t\t\t\t\t\t<\/div>\n\t\t\t\t<\/div>\n\t\t\t\t\t<\/div>\n\t\t<\/div>\n\t\t\t\t\t<\/div>\n\t\t<\/section>\n\t\t\t\t<\/div>\n\t\t","protected":false},"excerpt":{"rendered":"<p>IMPRESSUM DER KLINIK FRANCH-ADRIAENS IDENTIFIKATIONSDATEN: In Erf\u00fcllung der Informationspflicht gem\u00e4\u00df Artikel 10 des Gesetzes 34\/2002 vom 11. Juli \u00fcber Dienstleistungen der Informationsgesellschaft und des elektronischen Gesch\u00e4ftsverkehrs (LSSICE) informiert der EIGENT\u00dcMER DER WEBSITE \u00fcber Folgendes: Unternehmensbezeichnung: Instituto Balear de Implantolog\u00eda y Periodoncia S.L. CIF: B57581563 Domiziliere: Pasaje de Joan XXIII nr 6 entresuelo 1-2\u00aa, 07002 Palma&#8230;<\/p>\n","protected":false},"author":1,"featured_media":0,"parent":0,"menu_order":0,"comment_status":"closed","ping_status":"closed","template":"","meta":{"_kadence_starter_templates_imported_post":false,"_kad_post_transparent":"","_kad_post_title":"","_kad_post_layout":"","_kad_post_sidebar_id":"","_kad_post_content_style":"","_kad_post_vertical_padding":"","_kad_post_feature":"","_kad_post_feature_position":"","_kad_post_header":false,"_kad_post_footer":false,"_kad_post_classname":"","footnotes":""},"class_list":["post-3356","page","type-page","status-publish","hentry"],"yoast_head":"<!-- This site is optimized with the Yoast SEO plugin v27.3 - https:\/\/yoast.com\/product\/yoast-seo-wordpress\/ -->\n<title>Impressum | Franch-Adriaens Fortschrittliche Zahnmedizin<\/title>\n<meta name=\"description\" content=\"Impressum von Franch-Adriaens Fortschrittliche ZahnmedizinDies ist das Impressum der Klinik Franch-Adriaens, die sich in Palma de Mallorca befindet.\" \/>\n<meta name=\"robots\" content=\"index, follow, max-snippet:-1, max-image-preview:large, max-video-preview:-1\" \/>\n<link rel=\"canonical\" href=\"https:\/\/franch-adriaens.com\/de\/impressum\/\" \/>\n<meta property=\"og:locale\" content=\"de_DE\" \/>\n<meta property=\"og:type\" content=\"article\" \/>\n<meta property=\"og:title\" content=\"Franch-Adriaens Fortschrittliche Zahnmedizin | Impressum\" \/>\n<meta property=\"og:description\" content=\"Impressum von Franch-Adriaens Fortschrittliche ZahnmedizinDies ist das Impressum der Franch-Adriaens Klinik, gelegen in Palma de Mallorca.\" \/>\n<meta property=\"og:url\" content=\"https:\/\/franch-adriaens.com\/de\/impressum\/\" \/>\n<meta property=\"og:site_name\" content=\"Cl\u00ednica Dental Franch-Adriaens\" \/>\n<meta property=\"article:publisher\" content=\"https:\/\/www.facebook.com\/people\/Clinica-Franch-Adriaens\/100054493027830\/\" \/>\n<meta property=\"article:modified_time\" content=\"2024-12-30T15:54:17+00:00\" \/>\n<meta property=\"og:image\" content=\"https:\/\/franch-adriaens.com\/wp-content\/uploads\/2022\/07\/logo-clinica-dental-300x300.png\" \/>\n<meta name=\"twitter:label1\" content=\"Gesch\u00e4tzte Lesezeit\" \/>\n\t<meta name=\"twitter:data1\" content=\"4\u00a0Minuten\" \/>\n<script type=\"application\/ld+json\" class=\"yoast-schema-graph\">{\"@context\":\"https:\\\/\\\/schema.org\",\"@graph\":[{\"@type\":\"WebPage\",\"@id\":\"https:\\\/\\\/franch-adriaens.com\\\/de\\\/impressum\\\/\",\"url\":\"https:\\\/\\\/franch-adriaens.com\\\/de\\\/impressum\\\/\",\"name\":\"Impressum | Franch-Adriaens Fortschrittliche Zahnmedizin\",\"isPartOf\":{\"@id\":\"https:\\\/\\\/franch-adriaens.com\\\/de\\\/#website\"},\"datePublished\":\"2021-10-13T10:29:07+00:00\",\"dateModified\":\"2024-12-30T15:54:17+00:00\",\"description\":\"Impressum von Franch-Adriaens Fortschrittliche ZahnmedizinDies ist das Impressum der Klinik Franch-Adriaens, die sich in Palma de Mallorca befindet.\",\"breadcrumb\":{\"@id\":\"https:\\\/\\\/franch-adriaens.com\\\/de\\\/impressum\\\/#breadcrumb\"},\"inLanguage\":\"de\",\"potentialAction\":[{\"@type\":\"ReadAction\",\"target\":[\"https:\\\/\\\/franch-adriaens.com\\\/de\\\/impressum\\\/\"]}]},{\"@type\":\"BreadcrumbList\",\"@id\":\"https:\\\/\\\/franch-adriaens.com\\\/de\\\/impressum\\\/#breadcrumb\",\"itemListElement\":[{\"@type\":\"ListItem\",\"position\":1,\"name\":\"Portada\",\"item\":\"https:\\\/\\\/franch-adriaens.com\\\/de\\\/start\\\/\"},{\"@type\":\"ListItem\",\"position\":2,\"name\":\"Impressum\"}]},{\"@type\":\"WebSite\",\"@id\":\"https:\\\/\\\/franch-adriaens.com\\\/de\\\/#website\",\"url\":\"https:\\\/\\\/franch-adriaens.com\\\/de\\\/\",\"name\":\"Clinica dental Franch Adriaens Odontolog\u00eda Avanzada\",\"description\":\"Odontolog\u00eda Avanzada\",\"publisher\":{\"@id\":\"https:\\\/\\\/franch-adriaens.com\\\/de\\\/#organization\"},\"potentialAction\":[{\"@type\":\"SearchAction\",\"target\":{\"@type\":\"EntryPoint\",\"urlTemplate\":\"https:\\\/\\\/franch-adriaens.com\\\/de\\\/?s={search_term_string}\"},\"query-input\":{\"@type\":\"PropertyValueSpecification\",\"valueRequired\":true,\"valueName\":\"search_term_string\"}}],\"inLanguage\":\"de\"},{\"@type\":\"Organization\",\"@id\":\"https:\\\/\\\/franch-adriaens.com\\\/de\\\/#organization\",\"name\":\"Cl\u00ednica Dental Franch-Adriaens\",\"url\":\"https:\\\/\\\/franch-adriaens.com\\\/de\\\/\",\"logo\":{\"@type\":\"ImageObject\",\"inLanguage\":\"de\",\"@id\":\"https:\\\/\\\/franch-adriaens.com\\\/de\\\/#\\\/schema\\\/logo\\\/image\\\/\",\"url\":\"https:\\\/\\\/franch-adriaens.com\\\/wp-content\\\/uploads\\\/2022\\\/07\\\/logo.png\",\"contentUrl\":\"https:\\\/\\\/franch-adriaens.com\\\/wp-content\\\/uploads\\\/2022\\\/07\\\/logo.png\",\"width\":542,\"height\":202,\"caption\":\"Cl\u00ednica Dental Franch-Adriaens\"},\"image\":{\"@id\":\"https:\\\/\\\/franch-adriaens.com\\\/de\\\/#\\\/schema\\\/logo\\\/image\\\/\"},\"sameAs\":[\"https:\\\/\\\/www.facebook.com\\\/people\\\/Clinica-Franch-Adriaens\\\/100054493027830\\\/\"]}]}<\/script>\n<!-- \/ Yoast SEO plugin. -->","yoast_head_json":{"title":"Impressum | Franch-Adriaens Fortschrittliche Zahnmedizin","description":"Impressum von Franch-Adriaens Fortschrittliche ZahnmedizinDies ist das Impressum der Klinik Franch-Adriaens, die sich in Palma de Mallorca befindet.","robots":{"index":"index","follow":"follow","max-snippet":"max-snippet:-1","max-image-preview":"max-image-preview:large","max-video-preview":"max-video-preview:-1"},"canonical":"https:\/\/franch-adriaens.com\/de\/impressum\/","og_locale":"de_DE","og_type":"article","og_title":"Franch-Adriaens Fortschrittliche Zahnmedizin | Impressum","og_description":"Impressum von Franch-Adriaens Fortschrittliche ZahnmedizinDies ist das Impressum der Franch-Adriaens Klinik, gelegen in Palma de Mallorca.","og_url":"https:\/\/franch-adriaens.com\/de\/impressum\/","og_site_name":"Cl\u00ednica Dental Franch-Adriaens","article_publisher":"https:\/\/www.facebook.com\/people\/Clinica-Franch-Adriaens\/100054493027830\/","article_modified_time":"2024-12-30T15:54:17+00:00","og_image":[{"url":"https:\/\/franch-adriaens.com\/wp-content\/uploads\/2022\/07\/logo-clinica-dental-300x300.png","type":"","width":"","height":""}],"twitter_misc":{"Gesch\u00e4tzte Lesezeit":"4\u00a0Minuten"},"schema":{"@context":"https:\/\/schema.org","@graph":[{"@type":"WebPage","@id":"https:\/\/franch-adriaens.com\/de\/impressum\/","url":"https:\/\/franch-adriaens.com\/de\/impressum\/","name":"Impressum | Franch-Adriaens Fortschrittliche Zahnmedizin","isPartOf":{"@id":"https:\/\/franch-adriaens.com\/de\/#website"},"datePublished":"2021-10-13T10:29:07+00:00","dateModified":"2024-12-30T15:54:17+00:00","description":"Impressum von Franch-Adriaens Fortschrittliche ZahnmedizinDies ist das Impressum der Klinik Franch-Adriaens, die sich in Palma de Mallorca befindet.","breadcrumb":{"@id":"https:\/\/franch-adriaens.com\/de\/impressum\/#breadcrumb"},"inLanguage":"de","potentialAction":[{"@type":"ReadAction","target":["https:\/\/franch-adriaens.com\/de\/impressum\/"]}]},{"@type":"BreadcrumbList","@id":"https:\/\/franch-adriaens.com\/de\/impressum\/#breadcrumb","itemListElement":[{"@type":"ListItem","position":1,"name":"Portada","item":"https:\/\/franch-adriaens.com\/de\/start\/"},{"@type":"ListItem","position":2,"name":"Impressum"}]},{"@type":"WebSite","@id":"https:\/\/franch-adriaens.com\/de\/#website","url":"https:\/\/franch-adriaens.com\/de\/","name":"Clinica dental Franch Adriaens Odontolog\u00eda Avanzada","description":"Odontolog\u00eda Avanzada","publisher":{"@id":"https:\/\/franch-adriaens.com\/de\/#organization"},"potentialAction":[{"@type":"SearchAction","target":{"@type":"EntryPoint","urlTemplate":"https:\/\/franch-adriaens.com\/de\/?s={search_term_string}"},"query-input":{"@type":"PropertyValueSpecification","valueRequired":true,"valueName":"search_term_string"}}],"inLanguage":"de"},{"@type":"Organization","@id":"https:\/\/franch-adriaens.com\/de\/#organization","name":"Cl\u00ednica Dental Franch-Adriaens","url":"https:\/\/franch-adriaens.com\/de\/","logo":{"@type":"ImageObject","inLanguage":"de","@id":"https:\/\/franch-adriaens.com\/de\/#\/schema\/logo\/image\/","url":"https:\/\/franch-adriaens.com\/wp-content\/uploads\/2022\/07\/logo.png","contentUrl":"https:\/\/franch-adriaens.com\/wp-content\/uploads\/2022\/07\/logo.png","width":542,"height":202,"caption":"Cl\u00ednica Dental Franch-Adriaens"},"image":{"@id":"https:\/\/franch-adriaens.com\/de\/#\/schema\/logo\/image\/"},"sameAs":["https:\/\/www.facebook.com\/people\/Clinica-Franch-Adriaens\/100054493027830\/"]}]}},"_links":{"self":[{"href":"https:\/\/franch-adriaens.com\/de\/wp-json\/wp\/v2\/pages\/3356","targetHints":{"allow":["GET"]}}],"collection":[{"href":"https:\/\/franch-adriaens.com\/de\/wp-json\/wp\/v2\/pages"}],"about":[{"href":"https:\/\/franch-adriaens.com\/de\/wp-json\/wp\/v2\/types\/page"}],"author":[{"embeddable":true,"href":"https:\/\/franch-adriaens.com\/de\/wp-json\/wp\/v2\/users\/1"}],"replies":[{"embeddable":true,"href":"https:\/\/franch-adriaens.com\/de\/wp-json\/wp\/v2\/comments?post=3356"}],"version-history":[{"count":1,"href":"https:\/\/franch-adriaens.com\/de\/wp-json\/wp\/v2\/pages\/3356\/revisions"}],"predecessor-version":[{"id":3357,"href":"https:\/\/franch-adriaens.com\/de\/wp-json\/wp\/v2\/pages\/3356\/revisions\/3357"}],"wp:attachment":[{"href":"https:\/\/franch-adriaens.com\/de\/wp-json\/wp\/v2\/media?parent=3356"}],"curies":[{"name":"wp","href":"https:\/\/api.w.org\/{rel}","templated":true}]}}